{"id":71,"date":"2023-10-11T14:44:02","date_gmt":"2023-10-11T14:44:02","guid":{"rendered":"https:\/\/tururi.org\/de\/?page_id=71"},"modified":"2023-11-17T12:41:54","modified_gmt":"2023-11-17T12:41:54","slug":"uber-sizilien","status":"publish","type":"page","link":"https:\/\/tururi.org\/de\/uber-sizilien\/","title":{"rendered":"Sizilien entdecken"},"content":{"rendered":"<div id=\"modal-ready\">\n<p><strong>Gott sei Dank ist es immer noch m\u00f6glich, Sizilien auf nachhaltige Weise und abseits des Massentourismus zu entdecken. Wenn Sie eine Reise nach Sizilien mit Tururi Tours planen, erhalten Sie die Gelegenheit, das authentische Sizilien zu erleben.<\/strong><\/p>\n\n\n\n<p>Du wirst von der wundersch\u00f6nen Natur verzaubert und in die gastfreundliche sizilianische Kultur eingetaucht, all dies in einer informellen, entspannten und pers\u00f6nlichen Atmosph\u00e4re, genauso wie es der gro\u00dfe Dichter Goethe einst erlebt hat.<\/p>\n\n\n<div class=\"gb-container gb-container-714c8a1b\">\n<div class=\"gb-container gb-container-0b4634aa\">\n\n<h2 class=\"wp-block-heading\">Klima<\/h2>\n\n\n\n<p>Sizilien geniesst ein typisches Mittelmeer Klima mit warmen und sonnigen Saisons von April bis November und sehr milden Wintern vom November bis M\u00e4rz. In hoch sommerlichen Monaten Juli und August, kann man warmen feuchten Abende nicht ausschliessen. In Fr\u00fchjahr und Herbst, kann das Wetter wechselhaft sein, aber das Klima bleibt generell in allen Saisons sehr angenhem. Licht, Farben und D\u00fcfte sind drei Elementen, die die Insel in jeder Jahreszeit charakterizieren.<\/p>\n\n<\/div>\n\n<div class=\"gb-container gb-container-2aeffc47\">\n\n<figure class=\"wp-block-gallery has-nested-images columns-5 is-cropped wp-block-gallery-1 is-layout-flex wp-block-gallery-is-layout-flex\">\n<figure class=\"wp-block-image size-full\"><a href=\"https:\/\/tururi.org\/de\/wp-content\/uploads\/sites\/2\/2023\/10\/521-3.jpg\" rel=\"lightbox[71]\"><img decoding=\"async\" data-id=\"2213\" src=\"https:\/\/tururi.org\/de\/wp-content\/uploads\/sites\/2\/2023\/10\/521-3.jpg\" alt=\"\" class=\"wp-image-2213\"\/><\/a><\/figure>\n\n\n\n<figure class=\"wp-block-image size-full\"><a href=\"https:\/\/tururi.org\/de\/wp-content\/uploads\/sites\/2\/2023\/10\/522-3.jpg\" rel=\"lightbox[71]\"><img decoding=\"async\" data-id=\"2210\" src=\"https:\/\/tururi.org\/de\/wp-content\/uploads\/sites\/2\/2023\/10\/522-3.jpg\" alt=\"\" class=\"wp-image-2210\"\/><\/a><\/figure>\n\n\n\n<figure class=\"wp-block-image size-full\"><a href=\"https:\/\/tururi.org\/de\/wp-content\/uploads\/sites\/2\/2023\/10\/523-3.jpg\" rel=\"lightbox[71]\"><img decoding=\"async\" data-id=\"2212\" src=\"https:\/\/tururi.org\/de\/wp-content\/uploads\/sites\/2\/2023\/10\/523-3.jpg\" alt=\"\" class=\"wp-image-2212\"\/><\/a><\/figure>\n\n\n\n<figure class=\"wp-block-image size-full\"><a href=\"https:\/\/tururi.org\/de\/wp-content\/uploads\/sites\/2\/2023\/10\/524-3.jpg\" rel=\"lightbox[71]\"><img decoding=\"async\" data-id=\"2209\" src=\"https:\/\/tururi.org\/de\/wp-content\/uploads\/sites\/2\/2023\/10\/524-3.jpg\" alt=\"\" class=\"wp-image-2209\"\/><\/a><\/figure>\n\n\n\n<figure class=\"wp-block-image size-full\"><a href=\"https:\/\/tururi.org\/de\/wp-content\/uploads\/sites\/2\/2023\/10\/525-3.jpg\" rel=\"lightbox[71]\"><img decoding=\"async\" data-id=\"2211\" src=\"https:\/\/tururi.org\/de\/wp-content\/uploads\/sites\/2\/2023\/10\/525-3.jpg\" alt=\"\" class=\"wp-image-2211\"\/><\/a><\/figure>\n\n\n\n<figure class=\"wp-block-image size-full\"><a href=\"https:\/\/tururi.org\/de\/wp-content\/uploads\/sites\/2\/2023\/10\/526-3.jpg\" rel=\"lightbox[71]\"><img decoding=\"async\" data-id=\"2214\" src=\"https:\/\/tururi.org\/de\/wp-content\/uploads\/sites\/2\/2023\/10\/526-3.jpg\" alt=\"\" class=\"wp-image-2214\"\/><\/a><\/figure>\n\n\n\n<figure class=\"wp-block-image size-full\"><a href=\"https:\/\/tururi.org\/de\/wp-content\/uploads\/sites\/2\/2023\/10\/527-3.jpg\" rel=\"lightbox[71]\"><img decoding=\"async\" data-id=\"2215\" src=\"https:\/\/tururi.org\/de\/wp-content\/uploads\/sites\/2\/2023\/10\/527-3.jpg\" alt=\"\" class=\"wp-image-2215\"\/><\/a><\/figure>\n\n\n\n<figure class=\"wp-block-image size-full\"><a href=\"https:\/\/tururi.org\/de\/wp-content\/uploads\/sites\/2\/2023\/10\/528-3.jpg\" rel=\"lightbox[71]\"><img decoding=\"async\" data-id=\"2216\" src=\"https:\/\/tururi.org\/de\/wp-content\/uploads\/sites\/2\/2023\/10\/528-3.jpg\" alt=\"\" class=\"wp-image-2216\"\/><\/a><\/figure>\n<\/figure>\n\n\n\n<p><\/p>\n\n<\/div>\n\n<div class=\"gb-container gb-container-9f7a0edc\">\n<div class=\"gb-container gb-container-9771d570\">\n\n<h2 class=\"gb-headline gb-headline-63fa1e39 gb-headline-text\">Kultur<\/h2>\n\n\n\n<p>Auf Sizilien findet man immer noch Spuren der vielen V\u00f6lker, die die Insel beherrscht haben. Die ersten Bewohner waren die Sikuler, gefolgt von den Sikaniern, den Ph\u00f6niziern und den Griechen. Diese letzteren hatten auf Sizilien ihre m\u00e4chtigste Siedlung nach Athen: Syrakus. Nach den Griechen kamen die R\u00f6mer, die Byzantiner und die Araber. Sie wurden w\u00e4hrend des goldenen Zeitalters von Friedrich II. von den Normannen abgel\u00f6st. Danach herrschten vor allem die franz\u00f6sischen und spanischen K\u00f6nigsh\u00e4user \u00fcber die Insel \u00fcber viele Jahrhunderte.<\/p>\n\n\n\n<p>Das Ergebnis dieser bunten Mischung von Einfl\u00fcssen ist zweifellos eine einzigartige Kultur, die Sie zweifellos von einer Erstaunung zur n\u00e4chsten versetzen wird. Es gibt kein Land, das die Geschichte Europas und des Mittelmeerraums so verk\u00f6rpert wie Sizilien.<\/p>\n\n\n\n<p>Diese Kultur zeigt sich auf vielf\u00e4ltige Weise. Zum Beispiel in der <strong>Architektur<\/strong>, darunter die charakteristische Barockkunst, die w\u00e4hrend der spanischen Herrschaft entstand und auch unter den Normannen und Arabern sehr beliebt war. Auch in der <strong>K\u00fcche<\/strong> finden sich viele Einfl\u00fcsse aus anderen L\u00e4ndern. Viele Zutaten und Rezepte sind auf die arabische K\u00fcche zur\u00fcckzuf\u00fchren, wie die h\u00e4ufige Verwendung von N\u00fcssen, Rosinen, Zitrusfr\u00fcchten und Feigen. Auch im <strong>Erscheinungsbild der Sizilianer<\/strong>, von hellblond und blauen Augen bis zu klein und dunkel und allem dazwischen, l\u00e4sst sich deutlich erkennen, dass viele V\u00f6lker die Insel durchstreift haben. Im Sizilianischen und den zahlreichen lokalen Dialekten spiegelt sich das jahrtausendelange Miteinander mit anderen V\u00f6lkern wider.<\/p>\n\n<\/div>\n<\/div>\n\n<div class=\"gb-container gb-container-00e8e73d\">\n\n<figure class=\"wp-block-gallery has-nested-images columns-5 is-cropped wp-block-gallery-2 is-layout-flex wp-block-gallery-is-layout-flex\">\n<figure class=\"wp-block-image size-full\"><a href=\"https:\/\/tururi.org\/de\/wp-content\/uploads\/sites\/2\/2023\/10\/535-3.jpg\" rel=\"lightbox[71]\"><img decoding=\"async\" data-id=\"2268\" src=\"https:\/\/tururi.org\/de\/wp-content\/uploads\/sites\/2\/2023\/10\/535-3.jpg\" alt=\"\" class=\"wp-image-2268\"\/><\/a><\/figure>\n\n\n\n<figure class=\"wp-block-image size-full\"><a href=\"https:\/\/tururi.org\/de\/wp-content\/uploads\/sites\/2\/2023\/10\/538-3.jpg\" rel=\"lightbox[71]\"><img decoding=\"async\" data-id=\"2270\" src=\"https:\/\/tururi.org\/de\/wp-content\/uploads\/sites\/2\/2023\/10\/538-3.jpg\" alt=\"\" class=\"wp-image-2270\"\/><\/a><\/figure>\n\n\n\n<figure class=\"wp-block-image size-full\"><a href=\"https:\/\/tururi.org\/de\/wp-content\/uploads\/sites\/2\/2023\/10\/537-3.jpg\" rel=\"lightbox[71]\"><img decoding=\"async\" data-id=\"2269\" src=\"https:\/\/tururi.org\/de\/wp-content\/uploads\/sites\/2\/2023\/10\/537-3.jpg\" alt=\"\" class=\"wp-image-2269\"\/><\/a><\/figure>\n\n\n\n<figure class=\"wp-block-image size-full\"><a href=\"https:\/\/tururi.org\/de\/wp-content\/uploads\/sites\/2\/2023\/10\/544-3.jpg\" rel=\"lightbox[71]\"><img decoding=\"async\" data-id=\"2272\" src=\"https:\/\/tururi.org\/de\/wp-content\/uploads\/sites\/2\/2023\/10\/544-3.jpg\" alt=\"\" class=\"wp-image-2272\"\/><\/a><\/figure>\n\n\n\n<figure class=\"wp-block-image size-full\"><a href=\"https:\/\/tururi.org\/de\/wp-content\/uploads\/sites\/2\/2023\/10\/546-3.jpg\" rel=\"lightbox[71]\"><img decoding=\"async\" data-id=\"2273\" src=\"https:\/\/tururi.org\/de\/wp-content\/uploads\/sites\/2\/2023\/10\/546-3.jpg\" alt=\"\" class=\"wp-image-2273\"\/><\/a><\/figure>\n\n\n\n<figure class=\"wp-block-image size-full\"><a href=\"https:\/\/tururi.org\/de\/wp-content\/uploads\/sites\/2\/2023\/10\/549-3.jpg\" rel=\"lightbox[71]\"><img decoding=\"async\" data-id=\"2274\" src=\"https:\/\/tururi.org\/de\/wp-content\/uploads\/sites\/2\/2023\/10\/549-3.jpg\" alt=\"\" class=\"wp-image-2274\"\/><\/a><\/figure>\n\n\n\n<figure class=\"wp-block-image size-full\"><a href=\"https:\/\/tururi.org\/de\/wp-content\/uploads\/sites\/2\/2023\/10\/539-3.jpg\" rel=\"lightbox[71]\"><img decoding=\"async\" data-id=\"2271\" src=\"https:\/\/tururi.org\/de\/wp-content\/uploads\/sites\/2\/2023\/10\/539-3.jpg\" alt=\"\" class=\"wp-image-2271\"\/><\/a><\/figure>\n\n\n\n<figure class=\"wp-block-image size-full\"><a href=\"https:\/\/tururi.org\/de\/wp-content\/uploads\/sites\/2\/2023\/10\/550-3.jpg\" rel=\"lightbox[71]\"><img decoding=\"async\" data-id=\"2275\" src=\"https:\/\/tururi.org\/de\/wp-content\/uploads\/sites\/2\/2023\/10\/550-3.jpg\" alt=\"\" class=\"wp-image-2275\"\/><\/a><\/figure>\n<\/figure>\n\n<\/div>\n\n<div class=\"gb-container gb-container-b22e2d9a\">\n<div class=\"gb-container gb-container-772d384e\">\n\n<p><\/p>\n\n\n\n<h2 class=\"gb-headline gb-headline-bf571f7c gb-headline-text\">Gastfreundlichkeit<\/h2>\n\n\n\n<p>In seiner bunte Variet\u00e4t hat Sizilien doch etwas die alle verbindet: eine tiefe und <strong>warmherzige Gastfreundlichkeit<\/strong>, die den Besucher dieser Insel das Herz voll positiven Eindr\u00fccke ausf\u00fcllen.<\/p>\n\n\n<div class=\"gb-container gb-container-7a0688f0 alignwide\">\n\n<figure class=\"wp-block-gallery has-nested-images columns-default is-cropped wp-block-gallery-3 is-layout-flex wp-block-gallery-is-layout-flex\">\n<figure class=\"wp-block-image size-full\"><a href=\"https:\/\/tururi.org\/de\/wp-content\/uploads\/sites\/2\/2023\/10\/551-3.jpg\" rel=\"lightbox[71]\"><img decoding=\"async\" data-id=\"2294\" src=\"https:\/\/tururi.org\/de\/wp-content\/uploads\/sites\/2\/2023\/10\/551-3.jpg\" alt=\"\" class=\"wp-image-2294\"\/><\/a><\/figure>\n\n\n\n<figure class=\"wp-block-image size-full\"><a href=\"https:\/\/tururi.org\/de\/wp-content\/uploads\/sites\/2\/2023\/10\/556-3.jpg\" rel=\"lightbox[71]\"><img decoding=\"async\" data-id=\"2295\" src=\"https:\/\/tururi.org\/de\/wp-content\/uploads\/sites\/2\/2023\/10\/556-3.jpg\" alt=\"\" class=\"wp-image-2295\"\/><\/a><\/figure>\n\n\n\n<figure class=\"wp-block-image size-full\"><a href=\"https:\/\/tururi.org\/de\/wp-content\/uploads\/sites\/2\/2023\/10\/559-3.jpg\" rel=\"lightbox[71]\"><img decoding=\"async\" data-id=\"2296\" src=\"https:\/\/tururi.org\/de\/wp-content\/uploads\/sites\/2\/2023\/10\/559-3.jpg\" alt=\"\" class=\"wp-image-2296\"\/><\/a><\/figure>\n\n\n\n<figure class=\"wp-block-image size-full\"><a href=\"https:\/\/tururi.org\/de\/wp-content\/uploads\/sites\/2\/2023\/10\/564-3.jpg\" rel=\"lightbox[71]\"><img decoding=\"async\" data-id=\"2297\" src=\"https:\/\/tururi.org\/de\/wp-content\/uploads\/sites\/2\/2023\/10\/564-3.jpg\" alt=\"\" class=\"wp-image-2297\"\/><\/a><\/figure>\n\n\n\n<figure class=\"wp-block-image size-full\"><a href=\"https:\/\/tururi.org\/de\/wp-content\/uploads\/sites\/2\/2023\/10\/732-3.jpg\" rel=\"lightbox[71]\"><img decoding=\"async\" data-id=\"2298\" src=\"https:\/\/tururi.org\/de\/wp-content\/uploads\/sites\/2\/2023\/10\/732-3.jpg\" alt=\"\" class=\"wp-image-2298\"\/><\/a><\/figure>\n\n\n\n<figure class=\"wp-block-image size-full\"><a href=\"https:\/\/tururi.org\/wp-content\/uploads\/2023\/06\/565-3-1.jpg\" rel=\"lightbox[71]\"><img decoding=\"async\" data-id=\"2300\" src=\"https:\/\/tururi.org\/wp-content\/uploads\/2023\/06\/565-3-1.jpg\" alt=\"\" class=\"wp-image-2300\"\/><\/a><\/figure>\n\n\n\n<figure class=\"wp-block-image size-full\"><a href=\"https:\/\/tururi.org\/wp-content\/uploads\/2023\/06\/733-3.jpg\" rel=\"lightbox[71]\"><img decoding=\"async\" data-id=\"2301\" src=\"https:\/\/tururi.org\/wp-content\/uploads\/2023\/06\/733-3.jpg\" alt=\"\" class=\"wp-image-2301\"\/><\/a><\/figure>\n\n\n\n<figure class=\"wp-block-image size-full\"><a href=\"https:\/\/tururi.org\/wp-content\/uploads\/2023\/06\/734-3.jpg\" rel=\"lightbox[71]\"><img decoding=\"async\" data-id=\"2302\" src=\"https:\/\/tururi.org\/wp-content\/uploads\/2023\/06\/734-3.jpg\" alt=\"\" class=\"wp-image-2302\"\/><\/a><\/figure>\n<\/figure>\n\n<\/div>\n\n\n<h2 class=\"gb-headline gb-headline-4b13fdae gb-headline-text\">K\u00fcche<\/h2>\n\n\n\n<p>Die Variet\u00e4t der <strong>traditionellen sizilianischen K\u00fcche<\/strong> kann jeder Gaum g\u00fclcklich machen. Man finden hier vom sizilianischen Fast Food wie Panelle (Kichererbsen Fladen), arancini (frittierte, gef\u00fcllte Reisb\u00e4llchen), panino con la milza (Milz mit Br\u00f6tchen) bis sehr feine und recherchierte Gerichte in undenklicher Zusammensetzung, wie Pasta cu brocculu (mit Blumekohl un Rosinen und Pinienkerne), s\u00fcss-sauer Gerichte wie Caponata mit Auberginen, oder Fisch und Fleisch sowie Gem\u00fcse in allen Variationen vorbereitet. Auch wenn man fan von S\u00fcssigkeiten ist, kommt hier nicht zu kurz: die mit s\u00fcssen Ricotta gef\u00fcllte dolci wie Cassata und cannoli, sind f\u00fcr Feinschmecker. <\/p>\n\n\n\n<p>Das ganze ist von ausgezeichneten Weine gekr\u00f6nt, deren qualitativen Standard wurde durch Restyling der Organizierung und Produktivit\u00e4t der Weinberge (einheimischen Sorte werden bevorzugt) in den letzen Jahre immer zunehmend hervorgehoben.<\/p>\n\n\n<div class=\"gb-container gb-container-94cc4088\">\n\n<figure class=\"wp-block-gallery has-nested-images columns-5 is-cropped wp-block-gallery-4 is-layout-flex wp-block-gallery-is-layout-flex\">\n<figure class=\"wp-block-image size-full\"><a href=\"https:\/\/tururi.org\/wp-content\/uploads\/2023\/06\/554-3.jpg\" rel=\"lightbox[71]\"><img decoding=\"async\" data-id=\"2317\" src=\"https:\/\/tururi.org\/wp-content\/uploads\/2023\/06\/554-3.jpg\" alt=\"\" class=\"wp-image-2317\"\/><\/a><\/figure>\n\n\n\n<figure class=\"wp-block-image size-full\"><a href=\"https:\/\/tururi.org\/wp-content\/uploads\/2023\/06\/555-3.jpg\" rel=\"lightbox[71]\"><img decoding=\"async\" data-id=\"2318\" src=\"https:\/\/tururi.org\/wp-content\/uploads\/2023\/06\/555-3.jpg\" alt=\"\" class=\"wp-image-2318\"\/><\/a><\/figure>\n\n\n\n<figure class=\"wp-block-image size-full\"><a href=\"https:\/\/tururi.org\/wp-content\/uploads\/2023\/06\/557-3.jpg\" rel=\"lightbox[71]\"><img decoding=\"async\" data-id=\"2319\" src=\"https:\/\/tururi.org\/wp-content\/uploads\/2023\/06\/557-3.jpg\" alt=\"\" class=\"wp-image-2319\"\/><\/a><\/figure>\n\n\n\n<figure class=\"wp-block-image size-full\"><a href=\"https:\/\/tururi.org\/wp-content\/uploads\/2023\/06\/558-3.jpg\" rel=\"lightbox[71]\"><img decoding=\"async\" data-id=\"2320\" src=\"https:\/\/tururi.org\/wp-content\/uploads\/2023\/06\/558-3.jpg\" alt=\"\" class=\"wp-image-2320\"\/><\/a><\/figure>\n\n\n\n<figure class=\"wp-block-image size-full\"><a href=\"https:\/\/tururi.org\/wp-content\/uploads\/2023\/06\/560-3.jpg\" rel=\"lightbox[71]\"><img decoding=\"async\" data-id=\"2321\" src=\"https:\/\/tururi.org\/wp-content\/uploads\/2023\/06\/560-3.jpg\" alt=\"\" class=\"wp-image-2321\"\/><\/a><\/figure>\n\n\n\n<figure class=\"wp-block-image size-full\"><a href=\"https:\/\/tururi.org\/wp-content\/uploads\/2023\/06\/561-3.jpg\" rel=\"lightbox[71]\"><img decoding=\"async\" data-id=\"2322\" src=\"https:\/\/tururi.org\/wp-content\/uploads\/2023\/06\/561-3.jpg\" alt=\"\" class=\"wp-image-2322\"\/><\/a><\/figure>\n\n\n\n<figure class=\"wp-block-image size-full\"><a href=\"https:\/\/tururi.org\/wp-content\/uploads\/2023\/06\/562-3.jpg\" rel=\"lightbox[71]\"><img decoding=\"async\" data-id=\"2323\" src=\"https:\/\/tururi.org\/wp-content\/uploads\/2023\/06\/562-3.jpg\" alt=\"\" class=\"wp-image-2323\"\/><\/a><\/figure>\n\n\n\n<figure class=\"wp-block-image size-full\"><a href=\"https:\/\/tururi.org\/wp-content\/uploads\/2023\/06\/563-3.jpg\" rel=\"lightbox[71]\"><img decoding=\"async\" data-id=\"2324\" src=\"https:\/\/tururi.org\/wp-content\/uploads\/2023\/06\/563-3.jpg\" alt=\"\" class=\"wp-image-2324\"\/><\/a><\/figure>\n<\/figure>\n\n<\/div>\n<\/div>\n<\/div>\n\n<div class=\"gb-container gb-container-ea05ee26\">\n<div class=\"gb-container gb-container-96f08077\">\n\n<h2 class=\"gb-headline gb-headline-2b1976a2 gb-headline-text\">Meer<\/h2>\n\n\n\n<p>Sizilien ist die grosste Insel des Mittelmeers, umfangt von einem sauberen und fischreichen Meer, die dank der strategischen Lage zwischen Afrika und Europa, Osten und Westen, seit immer eine wichtige Wirtschafts- , Transport- und Kommunikationsquelle ist. Was die Natur angeht, das sizilianische Meer bietet unvergesslichen Ecken, einmalige D\u00fcfte und Farben. F\u00fcr die Taucher ist die Unterwasserwelt ein Paradies. F\u00fcr diejenigen, die gerne segeln, eine Kreuzfahrt durch den sizilianischen kleine Inseln ist eine Erlebniss f\u00fcr das Leben!<\/p>\n\n\n<div class=\"gb-container gb-container-978698b2\">\n<div class=\"gb-container gb-container-944f1c9b alignwide\">\n\n<figure class=\"wp-block-gallery alignwide has-nested-images columns-default is-cropped wp-block-gallery-5 is-layout-flex wp-block-gallery-is-layout-flex\">\n<figure class=\"wp-block-image size-full\"><a href=\"https:\/\/tururi.org\/wp-content\/uploads\/2023\/06\/594-3.jpg\" rel=\"lightbox[71]\"><img decoding=\"async\" data-id=\"2332\" src=\"https:\/\/tururi.org\/wp-content\/uploads\/2023\/06\/594-3.jpg\" alt=\"\" class=\"wp-image-2332\"\/><\/a><\/figure>\n\n\n\n<figure class=\"wp-block-image size-full\"><a href=\"https:\/\/tururi.org\/wp-content\/uploads\/2023\/06\/579-3.jpg\" rel=\"lightbox[71]\"><img decoding=\"async\" data-id=\"2333\" src=\"https:\/\/tururi.org\/wp-content\/uploads\/2023\/06\/579-3.jpg\" alt=\"\" class=\"wp-image-2333\"\/><\/a><\/figure>\n\n\n\n<figure class=\"wp-block-image size-full\"><a href=\"https:\/\/tururi.org\/wp-content\/uploads\/2023\/06\/575-3.jpg\" rel=\"lightbox[71]\"><img decoding=\"async\" data-id=\"2334\" src=\"https:\/\/tururi.org\/wp-content\/uploads\/2023\/06\/575-3.jpg\" alt=\"\" class=\"wp-image-2334\"\/><\/a><\/figure>\n\n\n\n<figure class=\"wp-block-image size-full\"><a href=\"https:\/\/tururi.org\/wp-content\/uploads\/2023\/06\/574-3.jpg\" rel=\"lightbox[71]\"><img decoding=\"async\" data-id=\"2335\" src=\"https:\/\/tururi.org\/wp-content\/uploads\/2023\/06\/574-3.jpg\" alt=\"\" class=\"wp-image-2335\"\/><\/a><\/figure>\n\n\n\n<figure class=\"wp-block-image size-full\"><a href=\"https:\/\/tururi.org\/wp-content\/uploads\/2023\/06\/573-3.jpg\" rel=\"lightbox[71]\"><img decoding=\"async\" data-id=\"2336\" src=\"https:\/\/tururi.org\/wp-content\/uploads\/2023\/06\/573-3.jpg\" alt=\"\" class=\"wp-image-2336\"\/><\/a><\/figure>\n\n\n\n<figure class=\"wp-block-image size-full\"><a href=\"https:\/\/tururi.org\/wp-content\/uploads\/2023\/06\/571-3.jpg\" rel=\"lightbox[71]\"><img decoding=\"async\" data-id=\"2337\" src=\"https:\/\/tururi.org\/wp-content\/uploads\/2023\/06\/571-3.jpg\" alt=\"\" class=\"wp-image-2337\"\/><\/a><\/figure>\n\n\n\n<figure class=\"wp-block-image size-large\"><a href=\"https:\/\/tururi.org\/wp-content\/uploads\/2023\/06\/571-3.jpg\" rel=\"lightbox[71]\"><img decoding=\"async\" data-id=\"2337\" src=\"https:\/\/tururi.org\/wp-content\/uploads\/2023\/06\/571-3.jpg\" alt=\"\" class=\"wp-image-2337\"\/><\/a><\/figure>\n\n\n\n<figure class=\"wp-block-image size-full\"><a href=\"https:\/\/tururi.org\/wp-content\/uploads\/2023\/06\/570-3.jpg\" rel=\"lightbox[71]\"><img decoding=\"async\" data-id=\"2338\" src=\"https:\/\/tururi.org\/wp-content\/uploads\/2023\/06\/570-3.jpg\" alt=\"\" class=\"wp-image-2338\"\/><\/a><\/figure>\n<\/figure>\n\n<\/div>\n<\/div>\n\n\n<h2 class=\"gb-headline gb-headline-9dfc8e0c gb-headline-text\">Natur<\/h2>\n\n\n\n<p>Sizilien war immer ein beliebtes Urlaubsziel und neben dem Badeurlaub, bietet eine weite Vari\u00e4tet an <strong>Natur Ressourcen<\/strong> wie Berge, Vulkanen, W\u00e4lder, Seen und Fl\u00fcsse, sowie Schluchten und Grotten, mit jedem Schwierigkeitsgrades. Das milde Klima erlaubt die unbe\u00fcrhrte Natur in fast jeder Saison Trekking in der Natur zu unternehmen.<\/p>\n\n<\/div>\n<\/div>\n\n<div class=\"gb-container gb-container-93ad8a76\">\n\n<figure class=\"wp-block-gallery has-nested-images columns-5 is-cropped wp-block-gallery-6 is-layout-flex wp-block-gallery-is-layout-flex\">\n<figure class=\"wp-block-image size-full\"><a href=\"https:\/\/tururi.org\/wp-content\/uploads\/2023\/06\/593-3-2.jpg\" rel=\"lightbox[71]\"><img decoding=\"async\" data-id=\"2344\" src=\"https:\/\/tururi.org\/wp-content\/uploads\/2023\/06\/593-3-2.jpg\" alt=\"\" class=\"wp-image-2344\"\/><\/a><\/figure>\n\n\n\n<figure class=\"wp-block-image size-full\"><a href=\"https:\/\/tururi.org\/wp-content\/uploads\/2023\/06\/592-3.jpg\" rel=\"lightbox[71]\"><img decoding=\"async\" data-id=\"2345\" src=\"https:\/\/tururi.org\/wp-content\/uploads\/2023\/06\/592-3.jpg\" alt=\"\" class=\"wp-image-2345\"\/><\/a><\/figure>\n\n\n\n<figure class=\"wp-block-image size-full\"><a href=\"https:\/\/tururi.org\/wp-content\/uploads\/2023\/06\/591-3.jpg\" rel=\"lightbox[71]\"><img decoding=\"async\" data-id=\"2346\" src=\"https:\/\/tururi.org\/wp-content\/uploads\/2023\/06\/591-3.jpg\" alt=\"\" class=\"wp-image-2346\"\/><\/a><\/figure>\n\n\n\n<figure class=\"wp-block-image size-full\"><a href=\"https:\/\/tururi.org\/wp-content\/uploads\/2023\/06\/590-3.jpg\" rel=\"lightbox[71]\"><img decoding=\"async\" data-id=\"2347\" src=\"https:\/\/tururi.org\/wp-content\/uploads\/2023\/06\/590-3.jpg\" alt=\"\" class=\"wp-image-2347\"\/><\/a><\/figure>\n\n\n\n<figure class=\"wp-block-image size-full\"><a href=\"https:\/\/tururi.org\/wp-content\/uploads\/2023\/06\/588-3.jpg\" rel=\"lightbox[71]\"><img decoding=\"async\" data-id=\"2349\" src=\"https:\/\/tururi.org\/wp-content\/uploads\/2023\/06\/588-3.jpg\" alt=\"\" class=\"wp-image-2349\"\/><\/a><\/figure>\n\n\n\n<figure class=\"wp-block-image size-full\"><a href=\"https:\/\/tururi.org\/wp-content\/uploads\/2023\/06\/589-3.jpg\" rel=\"lightbox[71]\"><img decoding=\"async\" data-id=\"2348\" src=\"https:\/\/tururi.org\/wp-content\/uploads\/2023\/06\/589-3.jpg\" alt=\"\" class=\"wp-image-2348\"\/><\/a><\/figure>\n\n\n\n<figure class=\"wp-block-image size-full\"><a href=\"https:\/\/tururi.org\/wp-content\/uploads\/2023\/06\/587-3.jpg\" rel=\"lightbox[71]\"><img decoding=\"async\" data-id=\"2350\" src=\"https:\/\/tururi.org\/wp-content\/uploads\/2023\/06\/587-3.jpg\" alt=\"\" class=\"wp-image-2350\"\/><\/a><\/figure>\n\n\n\n<figure class=\"wp-block-image size-full\"><a href=\"https:\/\/tururi.org\/wp-content\/uploads\/2023\/06\/586-3.jpg\" rel=\"lightbox[71]\"><img decoding=\"async\" data-id=\"2351\" src=\"https:\/\/tururi.org\/wp-content\/uploads\/2023\/06\/586-3.jpg\" alt=\"\" class=\"wp-image-2351\"\/><\/a><\/figure>\n<\/figure>\n\n<\/div>\n<\/div><\/div>","protected":false},"excerpt":{"rendered":"<p>Gott sei Dank ist es immer noch m\u00f6glich, Sizilien auf nachhaltige Weise und abseits des Massentourismus zu entdecken. Wenn Sie eine Reise nach Sizilien mit Tururi Tours planen, erhalten Sie die Gelegenheit, das authentische Sizilien zu erleben. Du wirst von der wundersch\u00f6nen Natur verzaubert und in die gastfreundliche sizilianische Kultur eingetaucht, all dies in einer &#8230; <a title=\"Sizilien entdecken\" class=\"read-more\" href=\"https:\/\/tururi.org\/de\/uber-sizilien\/\" aria-label=\"Mehr Informationen \u00fcber Sizilien entdecken\">Lees meer<\/a><\/p>\n","protected":false},"author":2,"featured_media":197,"parent":0,"menu_order":0,"comment_status":"closed","ping_status":"closed","template":"","meta":{"_acf_changed":false,"inline_featured_image":false,"footnotes":""},"class_list":["post-71","page","type-page","status-publish","has-post-thumbnail"],"acf":{"ondertitel":"Leidenschaft f\u00fcr Sizilien"},"_links":{"self":[{"href":"https:\/\/tururi.org\/de\/wp-json\/wp\/v2\/pages\/71","targetHints":{"allow":["GET"]}}],"collection":[{"href":"https:\/\/tururi.org\/de\/wp-json\/wp\/v2\/pages"}],"about":[{"href":"https:\/\/tururi.org\/de\/wp-json\/wp\/v2\/types\/page"}],"author":[{"embeddable":true,"href":"https:\/\/tururi.org\/de\/wp-json\/wp\/v2\/users\/2"}],"replies":[{"embeddable":true,"href":"https:\/\/tururi.org\/de\/wp-json\/wp\/v2\/comments?post=71"}],"version-history":[{"count":0,"href":"https:\/\/tururi.org\/de\/wp-json\/wp\/v2\/pages\/71\/revisions"}],"wp:featuredmedia":[{"embeddable":true,"href":"https:\/\/tururi.org\/de\/wp-json\/wp\/v2\/media\/197"}],"wp:attachment":[{"href":"https:\/\/tururi.org\/de\/wp-json\/wp\/v2\/media?parent=71"}],"curies":[{"name":"wp","href":"https:\/\/api.w.org\/{rel}","templated":true}]}}