{"id":69,"date":"2023-10-13T14:44:02","date_gmt":"2023-10-13T14:44:02","guid":{"rendered":"https:\/\/tururi.org\/de\/?page_id=69"},"modified":"2025-11-03T10:05:29","modified_gmt":"2025-11-03T10:05:29","slug":"feedback","status":"publish","type":"page","link":"https:\/\/tururi.org\/de\/feedback\/","title":{"rendered":"Rundreise Sizilien Erfahrungen"},"content":{"rendered":"<div id=\"modal-ready\">\n<p>Erfahrungen und Bewertungen von Reisenden nach Sizilien mit Tururi Tours. Unsere Reisenden teilen ihre Reiseerlebnisse \u00fcber ihre Rundreisen, Unterk\u00fcnfte, Autovermietung und Urlaubserfahrungen auf Sizilien. Wir teilen sie gerne mit Ihnen.<\/p>\n\n\n<div class=\"gb-container gb-container-7c586658 gb-accordion\" data-accordion-multiple-open>\n<div class=\"gb-container gb-container-24f02cbb gb-accordion__item\" data-transition=\"slide\">\n\n<button class=\"gb-button gb-button-2a83be12 gb-accordion__toggle\" id=\"gb-accordion-toggle-2a83be12\"><span class=\"gb-button-text\">Albert K &#8211; (D . M\u00fcnchen)<br><span class=\"text-title\">Sie haben uns mit dem Programm sehr gl\u00fccklich gemacht!! Lieben Dank f\u00fcr alles!<\/span><\/span><span class=\"gb-icon\"><svg xmlns=\"http:\/\/www.w3.org\/2000\/svg\" viewBox=\"0 0 448 512\" width=\"1em\" height=\"1em\" ariahidden=\"true\" role=\"img\" class=\"gb-accordion__icon\"><path d=\"M207.029 381.476L12.686 187.132c-9.373-9.373-9.373-24.569 0-33.941l22.667-22.667c9.357-9.357 24.522-9.375 33.901-.04L224 284.505l154.745-154.021c9.379-9.335 24.544-9.317 33.901.04l22.667 22.667c9.373 9.373 9.373 24.569 0 33.941L240.971 381.476c-9.373 9.372-24.569 9.372-33.942 0z\" fill=\"currentColor\"><\/path><\/svg><svg xmlns=\"http:\/\/www.w3.org\/2000\/svg\" viewBox=\"0 0 448 512\" width=\"1em\" height=\"1em\" ariahidden=\"true\" role=\"img\" class=\"gb-accordion__icon-open\"><path d=\"M240.971 130.524l194.343 194.343c9.373 9.373 9.373 24.569 0 33.941l-22.667 22.667c-9.357 9.357-24.522 9.375-33.901.04L224 227.495 69.255 381.516c-9.379 9.335-24.544 9.317-33.901-.04l-22.667-22.667c-9.373-9.373-9.373-24.569 0-33.941L207.03 130.525c9.372-9.373 24.568-9.373 33.941-.001z\" fill=\"currentColor\"><\/path><\/svg><\/span><\/button>\n\n\n<div id=\"gb-accordion-content-da230fb9\" class=\"gb-accordion__content\"><div class=\"gb-container gb-container-da230fb9\">\n\n<p>Liebes Tururi Team, <\/p>\n\n\n\n<p>Es war ein wunderbarer Urlaub! Die Gastgeber waren alle sehr zuvorkommend und wir haben uns sehr wohlgef\u00fchlt. Die Autovermietung war auch sehr gut. Also insgesamt eine sehr erfreuliche Reise! <\/p>\n\n\n\n<p>Wenn wir Verbesserungen anf\u00fchren wollen, dann allenfalls folgende: <br>Autoanmietung: Hier w\u00fcrden wir empfehlen, bei Ankunft noch ein paar Hinweise zu geben, wo die Vermietstation genau ist und wie man sich am Geb\u00e4ude verhalten soll. Es war eine lange Schlange, aber die war gar nicht relevant\u2026wir haben mit etwas Reiserfahrung dies relativ schnell erkannt und dadurch nicht ganz so viel Zeit in der Schlange verbracht:). <br>Das Hotel sankt Anastasia war sehr sch\u00f6n, allerdings hatten wir ein Zimmer nur mit einem Fenster zum Innenhof. Wir wurden aber mehr als entsch\u00e4digt durch den freien Blick auf den \u00c4tna an unserer letzten Destination!!!! <\/p>\n\n\n\n<p>Sie haben uns mit dem Programm sehr gl\u00fccklich gemacht!! Lieben Dank f\u00fcr alles!<\/p>\n\n<\/div><\/div>\n<\/div>\n\n<div class=\"gb-container gb-container-3a97bde9 gb-accordion__item\" data-transition=\"slide\">\n\n<button class=\"gb-button gb-button-7fd391c5 gb-accordion__toggle\" id=\"gb-accordion-toggle-7fd391c5\"><span class=\"gb-button-text\">B\u00e4rbel u. Rolf K (D &#8211; Karlsruhe)<br><span class=\"text-title\">Wir k\u00f6nnten uns vorstellen nochmals mit Tururi Tours zu verreisen<\/span><\/span><span class=\"gb-icon\"><svg xmlns=\"http:\/\/www.w3.org\/2000\/svg\" viewBox=\"0 0 448 512\" width=\"1em\" height=\"1em\" ariahidden=\"true\" role=\"img\" class=\"gb-accordion__icon\"><path d=\"M207.029 381.476L12.686 187.132c-9.373-9.373-9.373-24.569 0-33.941l22.667-22.667c9.357-9.357 24.522-9.375 33.901-.04L224 284.505l154.745-154.021c9.379-9.335 24.544-9.317 33.901.04l22.667 22.667c9.373 9.373 9.373 24.569 0 33.941L240.971 381.476c-9.373 9.372-24.569 9.372-33.942 0z\" fill=\"currentColor\"><\/path><\/svg><svg xmlns=\"http:\/\/www.w3.org\/2000\/svg\" viewBox=\"0 0 448 512\" width=\"1em\" height=\"1em\" ariahidden=\"true\" role=\"img\" class=\"gb-accordion__icon-open\"><path d=\"M240.971 130.524l194.343 194.343c9.373 9.373 9.373 24.569 0 33.941l-22.667 22.667c-9.357 9.357-24.522 9.375-33.901.04L224 227.495 69.255 381.516c-9.379 9.335-24.544 9.317-33.901-.04l-22.667-22.667c-9.373-9.373-9.373-24.569 0-33.941L207.03 130.525c9.372-9.373 24.568-9.373 33.941-.001z\" fill=\"currentColor\"><\/path><\/svg><\/span><\/button>\n\n\n<div id=\"gb-accordion-content-56b7a4c8\" class=\"gb-accordion__content\"><div class=\"gb-container gb-container-56b7a4c8\">\n\n<p>Nachdem nun unser Urlaub beendet ist m\u00f6chte ich mich hiermit bei Ihnen bedanken. Es hat alles wunderbar geklappt. Wir haben viel gesehen und uns gut erholt. Nochmals vielen Dank. Haben Sie so solche Reisen auch f\u00fcr andere Gebiete? Wir k\u00f6nnten uns vorstellen nochmals mit Tururi Tours zu verreisen.<\/p>\n\n<\/div><\/div>\n<\/div>\n\n<div class=\"gb-container gb-container-b31d9c8a gb-accordion__item\" data-transition=\"slide\">\n\n<button class=\"gb-button gb-button-fba4fd0b gb-accordion__toggle\" id=\"gb-accordion-toggle-fba4fd0b\"><span class=\"gb-button-text\">Barbara u. Wolfgang H\u00f6fer (D &#8211; Buxtehude)<br><span class=\"text-title\">Wir empfehlen sie immer allen Freunden weiter<\/span><\/span><span class=\"gb-icon\"><svg xmlns=\"http:\/\/www.w3.org\/2000\/svg\" viewBox=\"0 0 448 512\" width=\"1em\" height=\"1em\" ariahidden=\"true\" role=\"img\" class=\"gb-accordion__icon\"><path d=\"M207.029 381.476L12.686 187.132c-9.373-9.373-9.373-24.569 0-33.941l22.667-22.667c9.357-9.357 24.522-9.375 33.901-.04L224 284.505l154.745-154.021c9.379-9.335 24.544-9.317 33.901.04l22.667 22.667c9.373 9.373 9.373 24.569 0 33.941L240.971 381.476c-9.373 9.372-24.569 9.372-33.942 0z\" fill=\"currentColor\"><\/path><\/svg><svg xmlns=\"http:\/\/www.w3.org\/2000\/svg\" viewBox=\"0 0 448 512\" width=\"1em\" height=\"1em\" ariahidden=\"true\" role=\"img\" class=\"gb-accordion__icon-open\"><path d=\"M240.971 130.524l194.343 194.343c9.373 9.373 9.373 24.569 0 33.941l-22.667 22.667c-9.357 9.357-24.522 9.375-33.901.04L224 227.495 69.255 381.516c-9.379 9.335-24.544 9.317-33.901-.04l-22.667-22.667c-9.373-9.373-9.373-24.569 0-33.941L207.03 130.525c9.372-9.373 24.568-9.373 33.941-.001z\" fill=\"currentColor\"><\/path><\/svg><\/span><\/button>\n\n\n<div id=\"gb-accordion-content-d14797db\" class=\"gb-accordion__content\"><div class=\"gb-container gb-container-d14797db\">\n\n<p>Wir sind wieder im Norddeutschen Sizilien angekommen.. immer um 30 Grad..<\/p>\n\n\n\n<p>heute zum ersten mal wieder Regen.<\/p>\n\n\n\n<p>Die reise war wunderbar, alles hat super geklappt ( &#8211; Punkt f\u00fcr den Autoverleiher, wegen der eineinhalbst\u00fcndigen Wartezeit bis wir das Auto hatten)<\/p>\n\n\n\n<p>die Route war gut ausgesucht<\/p>\n\n\n\n<p>die Quartiere waren alle toll!!! da essen gut und nette Menschen, wir haben uns immer zuhaue gef\u00fchlt. wir wollen wieder kommen, damit wir dann endlich auf den \u00c4tna kommen,<\/p>\n\n\n\n<p>wir sind nicht ganz oben gewesen, weil ein Gewitter kam, aber es war trotzdem sehr interessant..Bei n\u00e4chsten Mal w\u00fcrden wir nicht soviel herumreisen,aber so haben wir ja viel von der Insel gesehen.<\/p>\n\n\n\n<p>Lieber 3 Wochen und immer l\u00e4nger in den Quartieren.<\/p>\n\n\n\n<p>Danke f\u00fcr die Gute Betreuung und die tollen Einblicke in die sch\u00f6ne Insel.. wir trinken noch den tollen Nerello von Feudo Muxarello und Zitronen werden unser Leitgericht bleiben , Caponata mache ich auch \u00f6fter und alle sind begeistert..<\/p>\n\n\n\n<p>Wir denken mit Wehmut an das super Fr\u00fchst\u00fcck bei CASA DI PIPPINITTO..&nbsp; toll..&nbsp;<\/p>\n\n\n\n<p>wir empfehlen sie immer allen Freunden weiter..&nbsp;<\/p>\n\n\n\n<p>gerne werden wir wieder kommen, wenn mein Mann in Rente ist mit mehr Zeit<\/p>\n\n\n\n<p>und an das Oliven\u00d6l von euch denken wir auch&#8230;<\/p>\n\n<\/div><\/div>\n<\/div>\n\n<div class=\"gb-container gb-container-3db2f292 gb-accordion__item\" data-transition=\"slide\">\n\n<button class=\"gb-button gb-button-228c6e64 gb-accordion__toggle\" id=\"gb-accordion-toggle-228c6e64\"><span class=\"gb-button-text\">Brite P. ( D &#8211; Cuxhaven)<br><span class=\"text-title\">ALLE Gastgeber in den Unterk\u00fcnften waren sehr nett und hilfsbereit<\/span><\/span><span class=\"gb-icon\"><svg xmlns=\"http:\/\/www.w3.org\/2000\/svg\" viewBox=\"0 0 448 512\" width=\"1em\" height=\"1em\" ariahidden=\"true\" role=\"img\" class=\"gb-accordion__icon\"><path d=\"M207.029 381.476L12.686 187.132c-9.373-9.373-9.373-24.569 0-33.941l22.667-22.667c9.357-9.357 24.522-9.375 33.901-.04L224 284.505l154.745-154.021c9.379-9.335 24.544-9.317 33.901.04l22.667 22.667c9.373 9.373 9.373 24.569 0 33.941L240.971 381.476c-9.373 9.372-24.569 9.372-33.942 0z\" fill=\"currentColor\"><\/path><\/svg><svg xmlns=\"http:\/\/www.w3.org\/2000\/svg\" viewBox=\"0 0 448 512\" width=\"1em\" height=\"1em\" ariahidden=\"true\" role=\"img\" class=\"gb-accordion__icon-open\"><path d=\"M240.971 130.524l194.343 194.343c9.373 9.373 9.373 24.569 0 33.941l-22.667 22.667c-9.357 9.357-24.522 9.375-33.901.04L224 227.495 69.255 381.516c-9.379 9.335-24.544 9.317-33.901-.04l-22.667-22.667c-9.373-9.373-9.373-24.569 0-33.941L207.03 130.525c9.372-9.373 24.568-9.373 33.941-.001z\" fill=\"currentColor\"><\/path><\/svg><\/span><\/button>\n\n\n<div id=\"gb-accordion-content-bb22a916\" class=\"gb-accordion__content\"><div class=\"gb-container gb-container-bb22a916\">\n\n<p>der Urlaub auf Sizilien war herrlich!<br>Wir waren mit den Leistungen insgesamt sehr zufrieden, ALLE Gastgeber in<br>den Unterk\u00fcnften waren sehr nett und hilfsbereit. Auch die Qualit\u00e4t der<br>Unterk\u00fcnfte war gut, zum Teil sehr gut, nur in Scopello fanden wir die<br>Lage (die Anfahrt \u00fcber die SEHR schlechte Schotterpiste) anstrengend und<br>die Ausstattung des Zimmers ein bisschen veraltet und sehr schlicht.<\/p>\n\n\n\n<p>Aber wir haben viel gesehen und erlebt und wenn wir nochmal nach Sizilien<br>fahren, werden wir wieder bei Ihnen anfragen.<\/p>\n\n<\/div><\/div>\n<\/div>\n\n<div class=\"gb-container gb-container-81bf6bac gb-accordion__item\" data-transition=\"slide\">\n\n<button class=\"gb-button gb-button-bf573ba0 gb-accordion__toggle\" id=\"gb-accordion-toggle-bf573ba0\"><span class=\"gb-button-text\">Gabi F. (D &#8211; Berg)<br><span class=\"text-title\">Wir haben unseren Urlaub in Sizilien sehr genossen<\/span><\/span><span class=\"gb-icon\"><svg xmlns=\"http:\/\/www.w3.org\/2000\/svg\" viewBox=\"0 0 448 512\" width=\"1em\" height=\"1em\" ariahidden=\"true\" role=\"img\" class=\"gb-accordion__icon\"><path d=\"M207.029 381.476L12.686 187.132c-9.373-9.373-9.373-24.569 0-33.941l22.667-22.667c9.357-9.357 24.522-9.375 33.901-.04L224 284.505l154.745-154.021c9.379-9.335 24.544-9.317 33.901.04l22.667 22.667c9.373 9.373 9.373 24.569 0 33.941L240.971 381.476c-9.373 9.372-24.569 9.372-33.942 0z\" fill=\"currentColor\"><\/path><\/svg><svg xmlns=\"http:\/\/www.w3.org\/2000\/svg\" viewBox=\"0 0 448 512\" width=\"1em\" height=\"1em\" ariahidden=\"true\" role=\"img\" class=\"gb-accordion__icon-open\"><path d=\"M240.971 130.524l194.343 194.343c9.373 9.373 9.373 24.569 0 33.941l-22.667 22.667c-9.357 9.357-24.522 9.375-33.901.04L224 227.495 69.255 381.516c-9.379 9.335-24.544 9.317-33.901-.04l-22.667-22.667c-9.373-9.373-9.373-24.569 0-33.941L207.03 130.525c9.372-9.373 24.568-9.373 33.941-.001z\" fill=\"currentColor\"><\/path><\/svg><\/span><\/button>\n\n\n<div id=\"gb-accordion-content-abe5d4f9\" class=\"gb-accordion__content\"><div class=\"gb-container gb-container-abe5d4f9\">\n\n<p>wir haben unseren Urlaub in Sizilien sehr genossen und haben wirklich ein Italien entdeckt, wie wir es noch nicht kannten. Ihre B&amp;B waren sehr ansprechend, besonders das Feudo Muxarello. Sandras K\u00fcche ist fantastisch, und ihrer gro\u00dfe, herzlichen Gastfreundschaft wird uns immer in Erinnerung bleiben! Wir werden bei unserem n\u00e4chsten Italienurlaub bestimmt wieder auf sie zu kommen.<\/p>\n\n<\/div><\/div>\n<\/div>\n\n<div class=\"gb-container gb-container-f9a96eac gb-accordion__item\" data-transition=\"slide\">\n\n<button class=\"gb-button gb-button-da917043 gb-accordion__toggle\" id=\"gb-accordion-toggle-da917043\"><span class=\"gb-button-text\">Jun Reiner M. &#8211; (D &#8211; Leverkusen) <br><span class=\"text-title\">\u00dcberall sind wir sehr herzlich empfangen worden<\/span><\/span><span class=\"gb-icon\"><svg xmlns=\"http:\/\/www.w3.org\/2000\/svg\" viewBox=\"0 0 448 512\" width=\"1em\" height=\"1em\" ariahidden=\"true\" role=\"img\" class=\"gb-accordion__icon\"><path d=\"M207.029 381.476L12.686 187.132c-9.373-9.373-9.373-24.569 0-33.941l22.667-22.667c9.357-9.357 24.522-9.375 33.901-.04L224 284.505l154.745-154.021c9.379-9.335 24.544-9.317 33.901.04l22.667 22.667c9.373 9.373 9.373 24.569 0 33.941L240.971 381.476c-9.373 9.372-24.569 9.372-33.942 0z\" fill=\"currentColor\"><\/path><\/svg><svg xmlns=\"http:\/\/www.w3.org\/2000\/svg\" viewBox=\"0 0 448 512\" width=\"1em\" height=\"1em\" ariahidden=\"true\" role=\"img\" class=\"gb-accordion__icon-open\"><path d=\"M240.971 130.524l194.343 194.343c9.373 9.373 9.373 24.569 0 33.941l-22.667 22.667c-9.357 9.357-24.522 9.375-33.901.04L224 227.495 69.255 381.516c-9.379 9.335-24.544 9.317-33.901-.04l-22.667-22.667c-9.373-9.373-9.373-24.569 0-33.941L207.03 130.525c9.372-9.373 24.568-9.373 33.941-.001z\" fill=\"currentColor\"><\/path><\/svg><\/span><\/button>\n\n\n<div id=\"gb-accordion-content-ccca54c8\" class=\"gb-accordion__content\"><div class=\"gb-container gb-container-ccca54c8\">\n\n<p>wir hatten eine sehr sch\u00f6ne Reise. Alles war bestens organisiert und hat ohne Komplikationen geklappt. Mit Hilfe der geographischen Koordinaten konnten wir die im Inland versteckten Quartiere gut finden. Einzig beim ersten Quartier bei Modica machte eine Stra\u00dfensperrung Probleme, weil wir von Catania und Norden kommend zun\u00e4chst nicht weiter wussten. Aber dann haben uns freundliche Leute geholfen. Alle Unterk\u00fcnfte waren sehr sch\u00f6n ausgew\u00e4hlt. Jede hatte ihren eigenen besonderen Charakter. \u00dcberall sind wir sehr herzlich empfangen worden. An den Stra\u00dfenverkehr und die italienische Art zu fahren mussten wir uns erst gew\u00f6hnen. Die Empfehlung, ein kleines Fahrzeug &#8211; wir hatten einen Fiat Panda &#8211; war Gold wert.<\/p>\n\n<\/div><\/div>\n<\/div>\n<\/div><\/div>","protected":false},"excerpt":{"rendered":"<p>Erfahrungen und Bewertungen von Reisenden nach Sizilien mit Tururi Tours. Unsere Reisenden teilen ihre Reiseerlebnisse \u00fcber ihre Rundreisen, Unterk\u00fcnfte, Autovermietung und Urlaubserfahrungen auf Sizilien. Wir teilen sie gerne mit Ihnen. Liebes Tururi Team, Es war ein wunderbarer Urlaub! Die Gastgeber waren alle sehr zuvorkommend und wir haben uns sehr wohlgef\u00fchlt. Die Autovermietung war auch sehr &#8230; <a title=\"Rundreise Sizilien Erfahrungen\" class=\"read-more\" href=\"https:\/\/tururi.org\/de\/feedback\/\" aria-label=\"Mehr Informationen \u00fcber Rundreise Sizilien Erfahrungen\">Lees meer<\/a><\/p>\n","protected":false},"author":2,"featured_media":70,"parent":0,"menu_order":0,"comment_status":"closed","ping_status":"closed","template":"","meta":{"_acf_changed":false,"inline_featured_image":false,"footnotes":""},"class_list":["post-69","page","type-page","status-publish","has-post-thumbnail"],"acf":{"ondertitel":"Unsere Reisenden erz\u00e4hlen"},"_links":{"self":[{"href":"https:\/\/tururi.org\/de\/wp-json\/wp\/v2\/pages\/69","targetHints":{"allow":["GET"]}}],"collection":[{"href":"https:\/\/tururi.org\/de\/wp-json\/wp\/v2\/pages"}],"about":[{"href":"https:\/\/tururi.org\/de\/wp-json\/wp\/v2\/types\/page"}],"author":[{"embeddable":true,"href":"https:\/\/tururi.org\/de\/wp-json\/wp\/v2\/users\/2"}],"replies":[{"embeddable":true,"href":"https:\/\/tururi.org\/de\/wp-json\/wp\/v2\/comments?post=69"}],"version-history":[{"count":8,"href":"https:\/\/tururi.org\/de\/wp-json\/wp\/v2\/pages\/69\/revisions"}],"predecessor-version":[{"id":3814,"href":"https:\/\/tururi.org\/de\/wp-json\/wp\/v2\/pages\/69\/revisions\/3814"}],"wp:featuredmedia":[{"embeddable":true,"href":"https:\/\/tururi.org\/de\/wp-json\/wp\/v2\/media\/70"}],"wp:attachment":[{"href":"https:\/\/tururi.org\/de\/wp-json\/wp\/v2\/media?parent=69"}],"curies":[{"name":"wp","href":"https:\/\/api.w.org\/{rel}","templated":true}]}}