{"id":35,"date":"2023-10-11T14:40:02","date_gmt":"2023-10-11T14:40:02","guid":{"rendered":"https:\/\/tururi.org\/de\/?page_id=35"},"modified":"2023-12-20T11:56:36","modified_gmt":"2023-12-20T11:56:36","slug":"uber","status":"publish","type":"page","link":"https:\/\/tururi.org\/de\/uber\/","title":{"rendered":"\u00dcber Tururi"},"content":{"rendered":"<div id=\"modal-ready\"><div class=\"gb-container gb-container-714c8a1b\">\n<div class=\"gb-container gb-container-a1dadea3\">\n<div class=\"gb-container gb-container-e6e4532b\">\n\n<p class=\"gb-headline gb-headline-94d1d6f8 gb-headline-text\"><strong>Tururi Tours wurde 2003 als auf Sizilien spezialisierte Reiseveranstalter gegr\u00fcndet. Tururi Tours hat sich zum Ziel gesetzt, Reisenden das authentische Sizilien n\u00e4herzubringen, mit einem Fokus auf Nachhaltigkeit und Respekt f\u00fcr Natur, Kultur und soziale Bindungen.<\/strong><\/p>\n\n\n\n<p class=\"gb-headline gb-headline-dfd951da gb-headline-text\">Wir bieten verschiedene Reiseoptionen an, darunter individuelle Fly &amp; Drive-Rundreisen, Gruppenreisen und ma\u00dfgeschneiderte Reisen, mit sorgf\u00e4ltig ausgew\u00e4hlten Unterk\u00fcnften in Agriturismi, Bed &amp; Breakfasts und Familienhotels.<\/p>\n\n\n\n<h4 class=\"gb-headline gb-headline-d0799e22 gb-headline-text\">Nachhaltiger Tourismus<\/h4>\n\n\n\n<p>Die Idee stammt von Mario Gorgone aus Sizilien und Marian Tabak aus Holland. Nach 10 Jahren Aufenthalt zwischen Studium und Arbeit in Holland, entschieden sie sich ihren Traum zu verwirklichen, sich in Sizilien niederzulassen, um hier ein naturnahes und urspr\u00fcngliches Leben zu f\u00fchren. <\/p>\n\n\n\n<p>Mit Liebe und Enthusiasmus bieten sie vielf\u00e4ltige Touren f\u00fcr interessierte Reisende, die offen f\u00fcr die Urspr\u00fcnglichkeit der Insel sind. Tururi Tours ist nicht nur ein professioneller und zuverl\u00e4ssiger Tour Operator, sondern auch ein Lebensstil, der Nord und S\u00fcd verbindet und die unschlagbare holl\u00e4ndische Organisation mit der W\u00e4rme der sizilianischen Kultur vereint.<\/p>\n\n\n\n<p>Unser erstes Ziel ist es, ein authentisches Sizilien zu vermitteln und genie\u00dfen zu lassen, das weit von den gew\u00f6hnlichen Routen des Massentourismus liegt. Tururi Tours arbeitet nach den allgemein anerkannten Grunds\u00e4tzen des umweltvertr\u00e4glichen Tourismus, d.h. langfristig die nat\u00fcrlichen, kulturellen und sozialen Ressourcen der Insel zu sch\u00fctzen und somit auf eine positive und gesunde Art zur Wirtschaftsentwicklung der Region beizutragen.<\/p>\n\n\n\n<h4 class=\"gb-headline gb-headline-70878b41 gb-headline-text\">Ma\u00dfgeschneiderte Reisen<\/h4>\n\n\n\n<p>Die verschiedenen M\u00f6glichkeiten der <a href=\"\/de\/rundreisen\/\">Sizilien-Reisen<\/a> sind in diesem Sinne zusammengestellt: fly&amp;drive und individuelle Touren, Gruppenreisen, Kreuzfahrten mit Segelboot, Biking- und Trekking-Touren durch die Natur.<\/p>\n\n\n\n<p>Tururi Tours legt gro\u00dfen Wert auf die individuelle Zusammenstellung der Touren ganz nach dem Wunsch eines jeden Reisenden. Darin liegt die besondere St\u00e4rke der Organisation.<\/p>\n\n\n\n<p>Als wahre Kenner des Landes und Lebens dieser magischen Insel haben Mario und Marian in all den Jahren die Unterk\u00fcnfte sorgf\u00e4ltig und pers\u00f6nlich ausgew\u00e4hlt. Es sind vorwiegend Landgasth\u00f6fe, B&amp;Bs und kleine famili\u00e4re Hotels, wo Gastfreundlichkeit und pers\u00f6nlicher Kontakt die Reise zu einem unvergesslichen Erlebnis machen.<\/p>\n\n\n\n<p>Seit 2012 hat Tururi Tours das Angebot erweitert und bietet auch <a href=\"\/de\/sardinien\/\">Sardinien<\/a> an, die zweitgr\u00f6\u00dfte Insel des Mittelmeers. Auch auf Sardinien wurden die einzelnen Unterk\u00fcnfte pers\u00f6nlich besucht und ausgesucht, um eine authentische Atmosph\u00e4re und famili\u00e4re Gastfreundschaft zusammen mit guter Servicequalit\u00e4t zu garantieren.<\/p>\n\n<\/div>\n<\/div>\n<\/div>\n\n<div class=\"gb-container gb-container-d09c7877\">\n\n<h3 class=\"gb-headline gb-headline-6405c52f gb-headline-text\">Kontaktieren Sie uns<\/h3>\n\n\n\n<a class=\"gb-button gb-button-260def55\" href=\"\/de\/contact\/\"><span class=\"gb-button-text\">kontakt<\/span><span class=\"gb-icon\"><svg viewBox=\"0 0 40 25.81\" xmlns=\"http:\/\/www.w3.org\/2000\/svg\" data-name=\"Layer 1\"><path d=\"M1.55 14.46H34.7l-8.7 8.7a1.55 1.55 0 1 0 2.19 2.19L39.54 14a1.53 1.53 0 0 0 0-2.19L28.19.45A1.55 1.55 0 1 0 26 2.65l8.7 8.7H1.55a1.56 1.56 0 0 0 0 3.11Z\"><\/path><\/svg><\/span><\/a>\n\n<\/div>\n\n<div class=\"gb-container gb-container-6dbe6563\">\n<div class=\"gb-container gb-container-4f997873\">\n\n<h3 class=\"gb-headline gb-headline-3a42454d\"><span class=\"gb-icon\"><svg viewBox=\"0 0 200 89.68\" xmlns=\"http:\/\/www.w3.org\/2000\/svg\" data-name=\"Layer 1\"><path d=\"M100 26.67c26.16 0 41.14-17.89 67.65-17.89 10.5 0 22.63 3.14 32.35 7.88V8.22C190.47 3.33 178.17 0 167.65 0c-26 0-41 17.89-67.65 17.89S58.33 0 32.35 0C21.83 0 9.52 3.33 0 8.22v8.44c9.72-4.74 21.85-7.88 32.35-7.88 26.51 0 41.49 17.89 67.65 17.89Zm100 53v-8.44c-9.53-4.89-21.83-8.23-32.35-8.23-26 0-41 17.89-67.66 17.89S58.31 63 32.35 63C21.83 63 9.52 66.34 0 71.23v8.45c9.72-4.75 21.85-7.89 32.35-7.89 26.49 0 41.5 17.89 67.64 17.89s41.15-17.89 67.65-17.89c10.51 0 22.64 3.14 32.36 7.89Zm-100-22c26.15 0 41.14-17.88 67.65-17.88 10.5 0 22.63 3.14 32.35 7.88v-8.43c-9.53-4.89-21.83-8.24-32.35-8.24-26 0-41 17.9-67.65 17.9S58.31 31 32.35 31C21.83 31 9.52 34.35 0 39.24v8.45c9.72-4.69 21.85-7.88 32.35-7.88 26.51 0 41.5 17.88 67.65 17.88Z\"><\/path><\/svg><\/span><span class=\"gb-headline-text\">Eine Auswahl unserer Lieblingsfotos<\/span><\/h3>\n\n\n\n<figure class=\"wp-block-gallery has-nested-images columns-3 is-cropped wp-block-gallery-1 is-layout-flex wp-block-gallery-is-layout-flex\">\n<figure class=\"wp-block-image size-full\"><a href=\"https:\/\/tururi.org\/de\/wp-content\/uploads\/sites\/2\/2023\/10\/DSC06721-Edit.jpg\" rel=\"lightbox[35]\"><img decoding=\"async\" data-id=\"1455\" src=\"https:\/\/tururi.org\/de\/wp-content\/uploads\/sites\/2\/2023\/10\/DSC06721-Edit.jpg\" alt=\"\" class=\"wp-image-1455\"\/><\/a><\/figure>\n\n\n\n<figure class=\"wp-block-image size-large\"><a href=\"https:\/\/tururi.org\/de\/wp-content\/uploads\/sites\/2\/2023\/10\/sizilien_ralf_adler25-1024x768.jpg\" rel=\"lightbox[35]\"><img decoding=\"async\" data-id=\"1513\" src=\"https:\/\/tururi.org\/de\/wp-content\/uploads\/sites\/2\/2023\/10\/sizilien_ralf_adler25-1024x768.jpg\" alt=\"\" class=\"wp-image-1513\"\/><\/a><\/figure>\n\n\n\n<figure class=\"wp-block-image size-full\"><a href=\"https:\/\/tururi.org\/de\/wp-content\/uploads\/sites\/2\/2023\/10\/DSC08045.jpg\" rel=\"lightbox[35]\"><img decoding=\"async\" data-id=\"1470\" src=\"https:\/\/tururi.org\/de\/wp-content\/uploads\/sites\/2\/2023\/10\/DSC08045.jpg\" alt=\"\" class=\"wp-image-1470\"\/><\/a><\/figure>\n\n\n\n<figure class=\"wp-block-image size-large\"><a href=\"https:\/\/tururi.org\/wp-content\/uploads\/2016\/10\/20160718_175017-1024x768.jpg\" rel=\"lightbox[35]\"><img decoding=\"async\" data-id=\"1020\" src=\"https:\/\/tururi.org\/wp-content\/uploads\/2016\/10\/20160718_175017-1024x768.jpg\" alt=\"\" class=\"wp-image-1020\"\/><\/a><\/figure>\n\n\n\n<figure class=\"wp-block-image size-full\"><a href=\"https:\/\/tururi.org\/de\/wp-content\/uploads\/sites\/2\/2023\/10\/DSC06695-Edit.jpg\" rel=\"lightbox[35]\"><img decoding=\"async\" data-id=\"1474\" src=\"https:\/\/tururi.org\/de\/wp-content\/uploads\/sites\/2\/2023\/10\/DSC06695-Edit.jpg\" alt=\"\" class=\"wp-image-1474\"\/><\/a><\/figure>\n<\/figure>\n\n<\/div>\n\n<div class=\"gb-container gb-container-e0f207c9\">\n\n<figure class=\"wp-block-gallery has-nested-images columns-3 is-cropped wp-block-gallery-2 is-layout-flex wp-block-gallery-is-layout-flex\">\n<figure class=\"wp-block-image size-large\"><a href=\"https:\/\/tururi.org\/wp-content\/uploads\/2016\/10\/20160729_132934-1024x768.jpg\" rel=\"lightbox[35]\"><img decoding=\"async\" data-id=\"1028\" src=\"https:\/\/tururi.org\/wp-content\/uploads\/2016\/10\/20160729_132934-1024x768.jpg\" alt=\"\" class=\"wp-image-1028\"\/><\/a><\/figure>\n\n\n\n<figure class=\"wp-block-image size-large\"><a href=\"https:\/\/tururi.org\/wp-content\/uploads\/2014\/12\/2014-10-24-13.20.061-1024x768.jpg\" rel=\"lightbox[35]\"><img decoding=\"async\" data-id=\"186\" src=\"https:\/\/tururi.org\/wp-content\/uploads\/2014\/12\/2014-10-24-13.20.061-1024x768.jpg\" alt=\"\" class=\"wp-image-186\"\/><\/a><\/figure>\n\n\n\n<figure class=\"wp-block-image size-full\"><a href=\"https:\/\/tururi.org\/de\/wp-content\/uploads\/sites\/2\/2023\/10\/Tururi-trinacria-23.jpg\" rel=\"lightbox[35]\"><img decoding=\"async\" data-id=\"245\" src=\"https:\/\/tururi.org\/de\/wp-content\/uploads\/sites\/2\/2023\/10\/Tururi-trinacria-23.jpg\" alt=\"\" class=\"wp-image-245\"\/><\/a><\/figure>\n\n\n\n<figure class=\"wp-block-image size-full\"><a href=\"https:\/\/tururi.org\/de\/wp-content\/uploads\/sites\/2\/2023\/10\/Sizilien-urlaub-selbst-fahren.jpg\" rel=\"lightbox[35]\"><img decoding=\"async\" data-id=\"1617\" src=\"https:\/\/tururi.org\/de\/wp-content\/uploads\/sites\/2\/2023\/10\/Sizilien-urlaub-selbst-fahren.jpg\" alt=\"Sizilien-urlaub-selbst-fahren\" class=\"wp-image-1617\"\/><\/a><\/figure>\n\n\n\n<figure class=\"wp-block-image size-large\"><a href=\"https:\/\/tururi.org\/wp-content\/uploads\/2016\/12\/P1060148-1024x768.jpg\" rel=\"lightbox[35]\"><img decoding=\"async\" data-id=\"1199\" src=\"https:\/\/tururi.org\/wp-content\/uploads\/2016\/12\/P1060148-1024x768.jpg\" alt=\"\" class=\"wp-image-1199\"\/><\/a><\/figure>\n\n\n\n<figure class=\"wp-block-image size-large\"><a href=\"https:\/\/tururi.org\/de\/wp-content\/uploads\/sites\/2\/2023\/10\/sizilien_ralf_adler25-1024x768.jpg\" rel=\"lightbox[35]\"><img decoding=\"async\" data-id=\"1513\" src=\"https:\/\/tururi.org\/de\/wp-content\/uploads\/sites\/2\/2023\/10\/sizilien_ralf_adler25-1024x768.jpg\" alt=\"\" class=\"wp-image-1513\"\/><\/a><\/figure>\n\n\n\n<figure class=\"wp-block-image size-full\"><a href=\"https:\/\/tururi.org\/de\/wp-content\/uploads\/sites\/2\/2023\/10\/DSC08045.jpg\" rel=\"lightbox[35]\"><img decoding=\"async\" data-id=\"1470\" src=\"https:\/\/tururi.org\/de\/wp-content\/uploads\/sites\/2\/2023\/10\/DSC08045.jpg\" alt=\"\" class=\"wp-image-1470\"\/><\/a><\/figure>\n\n\n\n<figure class=\"wp-block-image size-large\"><a href=\"https:\/\/tururi.org\/wp-content\/uploads\/2016\/10\/20160718_175017-1024x768.jpg\" rel=\"lightbox[35]\"><img decoding=\"async\" data-id=\"1020\" src=\"https:\/\/tururi.org\/wp-content\/uploads\/2016\/10\/20160718_175017-1024x768.jpg\" alt=\"\" class=\"wp-image-1020\"\/><\/a><\/figure>\n<\/figure>\n\n<\/div>\n<\/div><\/div>","protected":false},"excerpt":{"rendered":"<p>Tururi Tours wurde 2003 als auf Sizilien spezialisierte Reiseveranstalter gegr\u00fcndet. Tururi Tours hat sich zum Ziel gesetzt, Reisenden das authentische Sizilien n\u00e4herzubringen, mit einem Fokus auf Nachhaltigkeit und Respekt f\u00fcr Natur, Kultur und soziale Bindungen. Wir bieten verschiedene Reiseoptionen an, darunter individuelle Fly &amp; Drive-Rundreisen, Gruppenreisen und ma\u00dfgeschneiderte Reisen, mit sorgf\u00e4ltig ausgew\u00e4hlten Unterk\u00fcnften in Agriturismi, &#8230; <a title=\"\u00dcber Tururi\" class=\"read-more\" href=\"https:\/\/tururi.org\/de\/uber\/\" aria-label=\"Mehr Informationen \u00fcber \u00dcber Tururi\">Lees meer<\/a><\/p>\n","protected":false},"author":2,"featured_media":46,"parent":0,"menu_order":0,"comment_status":"closed","ping_status":"closed","template":"","meta":{"_acf_changed":false,"inline_featured_image":false,"footnotes":""},"class_list":["post-35","page","type-page","status-publish","has-post-thumbnail"],"acf":{"ondertitel":"Sizilien-Spezialist seit 2003"},"_links":{"self":[{"href":"https:\/\/tururi.org\/de\/wp-json\/wp\/v2\/pages\/35","targetHints":{"allow":["GET"]}}],"collection":[{"href":"https:\/\/tururi.org\/de\/wp-json\/wp\/v2\/pages"}],"about":[{"href":"https:\/\/tururi.org\/de\/wp-json\/wp\/v2\/types\/page"}],"author":[{"embeddable":true,"href":"https:\/\/tururi.org\/de\/wp-json\/wp\/v2\/users\/2"}],"replies":[{"embeddable":true,"href":"https:\/\/tururi.org\/de\/wp-json\/wp\/v2\/comments?post=35"}],"version-history":[{"count":0,"href":"https:\/\/tururi.org\/de\/wp-json\/wp\/v2\/pages\/35\/revisions"}],"wp:featuredmedia":[{"embeddable":true,"href":"https:\/\/tururi.org\/de\/wp-json\/wp\/v2\/media\/46"}],"wp:attachment":[{"href":"https:\/\/tururi.org\/de\/wp-json\/wp\/v2\/media?parent=35"}],"curies":[{"name":"wp","href":"https:\/\/api.w.org\/{rel}","templated":true}]}}