{"id":31,"date":"2023-10-11T14:44:02","date_gmt":"2023-10-11T14:44:02","guid":{"rendered":"https:\/\/tururi.org\/de\/?page_id=31"},"modified":"2024-05-22T10:32:01","modified_gmt":"2024-05-22T10:32:01","slug":"contact","status":"publish","type":"page","link":"https:\/\/tururi.org\/de\/contact\/","title":{"rendered":"Kontaktseite"},"content":{"rendered":"<div id=\"modal-ready\"><div class=\"gb-container gb-container-714c8a1b\">\n<div class=\"gb-container gb-container-d5b69679\">\n<div class=\"gb-container gb-container-e6e4532b\">\n\n<p class=\"gb-headline gb-headline-94d1d6f8 gb-headline-text\"><strong>F\u00fcr weitere Informationen \u00fcber unsere angebotenen Rundreisen oder ma\u00dfgeschneiderten Arrangements f\u00fcllen Sie bitte das folgende Formular aus. Wir werden uns so bald wie m\u00f6glich bei Ihnen melden.<\/strong><\/p>\n\n\n<div class=\"gb-container gb-container-038d7725\">\n\n<div class=\"wp-block-contact-form-7-contact-form-selector\">\n<div class=\"wpcf7 no-js\" id=\"wpcf7-f2589-o1\" lang=\"en-US\" dir=\"ltr\" data-wpcf7-id=\"2589\">\n<div class=\"screen-reader-response\"><p role=\"status\" aria-live=\"polite\" aria-atomic=\"true\"><\/p> <ul><\/ul><\/div>\n<form action=\"\/de\/wp-json\/wp\/v2\/pages\/31#wpcf7-f2589-o1\" method=\"post\" class=\"wpcf7-form init\" aria-label=\"Contact form\" novalidate=\"novalidate\" data-status=\"init\">\n<fieldset class=\"hidden-fields-container\"><input type=\"hidden\" name=\"_wpcf7\" value=\"2589\" \/><input type=\"hidden\" name=\"_wpcf7_version\" value=\"6.1.5\" \/><input type=\"hidden\" name=\"_wpcf7_locale\" value=\"en_US\" \/><input type=\"hidden\" name=\"_wpcf7_unit_tag\" value=\"wpcf7-f2589-o1\" \/><input type=\"hidden\" name=\"_wpcf7_container_post\" value=\"0\" \/><input type=\"hidden\" name=\"_wpcf7_posted_data_hash\" value=\"\" \/>\n<\/fieldset>\n<p><span class=\"wpcf7-form-control-wrap\" data-name=\"your-name\"><input size=\"40\" maxlength=\"400\" class=\"wpcf7-form-control wpcf7-text wpcf7-validates-as-required\" aria-required=\"true\" aria-invalid=\"false\" placeholder=\"Vorname*\" value=\"\" type=\"text\" name=\"your-name\" \/><\/span>\n<\/p>\n<p><span class=\"wpcf7-form-control-wrap\" data-name=\"your-name-2\"><input size=\"40\" maxlength=\"400\" class=\"wpcf7-form-control wpcf7-text wpcf7-validates-as-required\" aria-required=\"true\" aria-invalid=\"false\" placeholder=\"Nachname*\" value=\"\" type=\"text\" name=\"your-name-2\" \/><\/span>\n<\/p>\n<p><span class=\"wpcf7-form-control-wrap\" data-name=\"your-email\"><input size=\"40\" maxlength=\"400\" class=\"wpcf7-form-control wpcf7-email wpcf7-validates-as-required wpcf7-text wpcf7-validates-as-email\" aria-required=\"true\" aria-invalid=\"false\" placeholder=\"E-mail*\" value=\"\" type=\"email\" name=\"your-email\" \/><\/span>\n<\/p>\n<p><span class=\"wpcf7-form-control-wrap\" data-name=\"tel-449\"><input size=\"40\" maxlength=\"400\" class=\"wpcf7-form-control wpcf7-tel wpcf7-text wpcf7-validates-as-tel\" aria-invalid=\"false\" placeholder=\"Telefonnummer\" value=\"\" type=\"tel\" name=\"tel-449\" \/><\/span>\n<\/p>\n<p><span class=\"wpcf7-form-control-wrap\" data-name=\"reizigers\"><input size=\"40\" maxlength=\"400\" class=\"wpcf7-form-control wpcf7-text\" aria-invalid=\"false\" placeholder=\"Anzahl der Reisenden\" value=\"\" type=\"text\" name=\"reizigers\" \/><\/span>\n<\/p>\n<p><span class=\"wpcf7-form-control-wrap\" data-name=\"woonplaats\"><input size=\"40\" maxlength=\"400\" class=\"wpcf7-form-control wpcf7-text wpcf7-validates-as-required\" aria-required=\"true\" aria-invalid=\"false\" placeholder=\"Wohnort*\" value=\"\" type=\"text\" name=\"woonplaats\" \/><\/span>\n<\/p>\n<p><span class=\"wpcf7-form-control-wrap\" data-name=\"data\"><input size=\"40\" maxlength=\"400\" class=\"wpcf7-form-control wpcf7-text wpcf7-validates-as-required\" aria-required=\"true\" aria-invalid=\"false\" placeholder=\"Dauer und Zeitpunkt*\" value=\"\" type=\"text\" name=\"data\" \/><\/span>\n<\/p>\n<p><span class=\"wpcf7-form-control-wrap\" data-name=\"budget\"><input size=\"40\" maxlength=\"400\" class=\"wpcf7-form-control wpcf7-text\" aria-invalid=\"false\" placeholder=\"Budget (ohne Flugreise)\" value=\"\" type=\"text\" name=\"budget\" \/><\/span>\n<\/p>\n<p>W\u00e4hlen Sie Ihr Reiseziel: <span class=\"wpcf7-form-control-wrap\" data-name=\"Reiseziel\"><select class=\"wpcf7-form-control wpcf7-select\" aria-invalid=\"false\" name=\"Reiseziel\"><option value=\"Sizilien\">Sizilien<\/option><option value=\"Sardinien\">Sardinien<\/option><\/select><\/span>\n<\/p>\n<p><span class=\"wpcf7-form-control-wrap\" data-name=\"your-message\"><textarea cols=\"40\" rows=\"10\" maxlength=\"2000\" class=\"wpcf7-form-control wpcf7-textarea wpcf7-validates-as-required\" aria-required=\"true\" aria-invalid=\"false\" placeholder=\"Geben Sie hier Ihre W\u00fcnsche ein*\" name=\"your-message\"><\/textarea><\/span>\n<\/p>\n<p><input class=\"wpcf7-form-control wpcf7-submit has-spinner\" type=\"submit\" value=\"Senden\" \/>\n<\/p><div class=\"wpcf7-response-output\" aria-hidden=\"true\"><\/div>\n<\/form>\n<\/div>\n<\/div>\n\n\n\n<p>* Pflichtfelder <\/p>\n\n\n\n<p>Oder schreiben Sie an unsere E-mail-Adresse: <a href=\"mailto:info.deutsch@tururi.org\">info.deutsch@tururi.org<\/a><\/p>\n\n\n\n<p><\/p>\n\n<\/div>\n<\/div>\n<\/div>\n\n\n<p class=\"gb-headline gb-headline-43d8aa80 gb-headline-text\">Unsere Kontaktdaten<\/p>\n\n\n\n<p>Jacob van Lennepkade 511 (t\/o 27)<br>1054 ZH Amsterdam &#8211; Niederlande<\/p>\n\n\n\n<p>Telefon:<strong> <a href=\"tel:+390941703672\">+39 328 707 4615<\/a><\/strong><br>e-mail: <strong><a href=\"mailto:info.deutsch@tururi.org\">info.deutsch@tururi.org<\/a><\/strong><br><a href=\"https:\/\/wa.me\/message\/YXFAZP5YE4SQO1\">Whatsapp: <strong>click link<\/strong><\/a><\/p>\n\n\n\n<p>KvK Amsterdam: 34188835<br>BTW: 814740339B01<br>SGR Mitgliedsnummer: 3373<\/p>\n\n<\/div><\/div>","protected":false},"excerpt":{"rendered":"<p>F\u00fcr weitere Informationen \u00fcber unsere angebotenen Rundreisen oder ma\u00dfgeschneiderten Arrangements f\u00fcllen Sie bitte das folgende Formular aus. Wir werden uns so bald wie m\u00f6glich bei Ihnen melden. * Pflichtfelder Oder schreiben Sie an unsere E-mail-Adresse: info.deutsch@tururi.org Unsere Kontaktdaten Jacob van Lennepkade 511 (t\/o 27)1054 ZH Amsterdam &#8211; Niederlande Telefon: +39 328 707 4615e-mail: info.deutsch@tururi.orgWhatsapp: click &#8230; <a title=\"Kontaktseite\" class=\"read-more\" href=\"https:\/\/tururi.org\/de\/contact\/\" aria-label=\"Mehr Informationen \u00fcber Kontaktseite\">Lees meer<\/a><\/p>\n","protected":false},"author":2,"featured_media":32,"parent":0,"menu_order":0,"comment_status":"closed","ping_status":"closed","template":"","meta":{"_acf_changed":false,"inline_featured_image":false,"footnotes":""},"class_list":["post-31","page","type-page","status-publish","has-post-thumbnail"],"acf":{"ondertitel":"Sagen Sie uns Ihre W\u00fcnsche"},"_links":{"self":[{"href":"https:\/\/tururi.org\/de\/wp-json\/wp\/v2\/pages\/31","targetHints":{"allow":["GET"]}}],"collection":[{"href":"https:\/\/tururi.org\/de\/wp-json\/wp\/v2\/pages"}],"about":[{"href":"https:\/\/tururi.org\/de\/wp-json\/wp\/v2\/types\/page"}],"author":[{"embeddable":true,"href":"https:\/\/tururi.org\/de\/wp-json\/wp\/v2\/users\/2"}],"replies":[{"embeddable":true,"href":"https:\/\/tururi.org\/de\/wp-json\/wp\/v2\/comments?post=31"}],"version-history":[{"count":1,"href":"https:\/\/tururi.org\/de\/wp-json\/wp\/v2\/pages\/31\/revisions"}],"predecessor-version":[{"id":2885,"href":"https:\/\/tururi.org\/de\/wp-json\/wp\/v2\/pages\/31\/revisions\/2885"}],"wp:featuredmedia":[{"embeddable":true,"href":"https:\/\/tururi.org\/de\/wp-json\/wp\/v2\/media\/32"}],"wp:attachment":[{"href":"https:\/\/tururi.org\/de\/wp-json\/wp\/v2\/media?parent=31"}],"curies":[{"name":"wp","href":"https:\/\/api.w.org\/{rel}","templated":true}]}}