{"id":29,"date":"2023-10-11T14:44:02","date_gmt":"2023-10-11T14:44:02","guid":{"rendered":"https:\/\/tururi.org\/de\/?page_id=29"},"modified":"2024-08-02T14:34:19","modified_gmt":"2024-08-02T14:34:19","slug":"auto-mieten","status":"publish","type":"page","link":"https:\/\/tururi.org\/de\/auto-mieten\/","title":{"rendered":"Autovermietung auf Sizilien"},"content":{"rendered":"<div id=\"modal-ready\">\n<p>Am Ankunftsflughafen steht das Mietfahrzeug f\u00fcr Sie bereit. Wir arbeiten seit 20 Jahren mit Maggiore Rent (Teil der Avis Budget Group) zusammen, einem sehr bekannten Autovermietungsunternehmen in Italien, bei dem unsere G\u00e4ste ausgezeichnete Erfahrungen gemacht haben.<\/p>\n\n\n\n<p>Im Internet finden Sie sicherlich sehr g\u00fcnstige Preise, jedoch sind darin oft viele versteckte Zusatzkosten nicht enthalten. Unsere Tarife sind immer All-Inclusive, so vermeiden Sie nachtr\u00e4gliche \u00dcberraschungen.<\/p>\n\n\n\n<p class=\"gb-headline gb-headline-36a992d9\"><span class=\"gb-icon\"><\/span><span class=\"gb-headline-text\"><strong>Achtung<\/strong>: Im Laufe der Saison k\u00f6nnen die Preise aufgrund m\u00f6glicher begrenzter Verf\u00fcgbarkeit angepasst werden. Wir erstellen dann ein individuelles Angebot!<\/span><\/p>\n\n\n\n<p>Nachfolgend finden Sie eine \u00dcbersicht der verschiedenen Kategorien.<\/p>\n\n\n\n<figure class=\"wp-block-table auto-tabel\"><table><tbody><tr><th class=\"has-text-align-center\" data-align=\"center\"><strong>Kat.<\/strong><\/th><th class=\"has-text-align-left\" data-align=\"left\"><strong>Autotyp<\/strong><\/th><th class=\"has-text-align-left\" data-align=\"left\"><strong>Nebensaison <br>Tag* \/ Woche<\/strong><\/th><th class=\"has-text-align-left\" data-align=\"left\"><strong>Hochsaison <br>Tag* \/ Woche<\/strong><\/th><\/tr><tr><td class=\"has-text-align-center\" data-align=\"center\">A<\/td><td class=\"has-text-align-left\" data-align=\"left\"><strong>Fiat 500<\/strong><br>Mini \/ 3dr a\/c<\/td><td class=\"has-text-align-left\" data-align=\"left\">\u20ac 46 \/ \u20ac 350<\/td><td class=\"has-text-align-left\" data-align=\"left\">\u20ac 65 \/ \u20ac 490<\/td><\/tr><tr><td class=\"has-text-align-center\" data-align=\"center\">B<\/td><td class=\"has-text-align-left\" data-align=\"left\"><strong>Lancia Ypsilon <\/strong><br>Small \/ Economy \/ 3dr a\/c<\/td><td class=\"has-text-align-left\" data-align=\"left\">\u20ac 48 \/ \u20ac 365<\/td><td class=\"has-text-align-left\" data-align=\"left\">\u20ac 68 \/ \u20ac 515<\/td><\/tr><tr><td class=\"has-text-align-center\" data-align=\"center\">C<\/td><td class=\"has-text-align-left\" data-align=\"left\"><strong>Opel Corsa <\/strong><br>Small \/ 5dr a\/c<\/td><td class=\"has-text-align-left\" data-align=\"left\">\u20ac 53 \/ \u20ac 398<\/td><td class=\"has-text-align-left\" data-align=\"left\">\u20ac 73 \/ \u20ac 530<\/td><\/tr><tr><td class=\"has-text-align-center\" data-align=\"center\">D<\/td><td class=\"has-text-align-left\" data-align=\"left\"><strong>Fiat 500L (Large) <\/strong><br>Compact Medium \/ 5dr a\/c \/ diesel<\/td><td class=\"has-text-align-left\" data-align=\"left\">\u20ac 62 \/ \u20ac 465<\/td><td class=\"has-text-align-left\" data-align=\"left\">\u20ac 83 \/ \u20ac 620<\/td><\/tr><tr><td class=\"has-text-align-center\" data-align=\"center\">F<\/td><td class=\"has-text-align-left\" data-align=\"left\"><strong>Citroen C3 Aircross <\/strong><br>Intermediate \/ 5 dr a\/c \/ diesel<\/td><td class=\"has-text-align-left\" data-align=\"left\">\u20ac 82 \/ \u20ac 615<\/td><td class=\"has-text-align-left\" data-align=\"left\">\u20ac 105 \/ \u20ac 780<\/td><\/tr><tr><td class=\"has-text-align-center\" data-align=\"center\">G<\/td><td class=\"has-text-align-left\" data-align=\"left\"><strong>Jeep Compass SUV<\/strong><br>Intermediate (SUV)<\/td><td class=\"has-text-align-left\" data-align=\"left\">\u20ac 84 \/ \u20ac 635<\/td><td class=\"has-text-align-left\" data-align=\"left\">\u20ac 110 \/ \u20ac 820<\/td><\/tr><tr><td class=\"has-text-align-center\" data-align=\"center\">H<\/td><td class=\"has-text-align-left\" data-align=\"left\"><strong>Mercedes-Benz C-Class (Automatic) <\/strong><br>Executive \/ 5 dr<\/td><td class=\"has-text-align-left\" data-align=\"left\">\u20ac 119 \/ \u20ac 895<\/td><td class=\"has-text-align-left\" data-align=\"left\">\u20ac 151 \/ \u20ac 1.135<\/td><\/tr><tr><td class=\"has-text-align-center\" data-align=\"center\">I<\/td><td class=\"has-text-align-left\" data-align=\"left\"><strong>Seat Arona (Automatic) <\/strong><br>Intermediate \/ Standard Automatic<\/td><td class=\"has-text-align-left\" data-align=\"left\">\u20ac 78 \/ \u20ac 588<\/td><td class=\"has-text-align-left\" data-align=\"left\">\u20ac 99 \/ \u20ac 745<\/td><\/tr><tr><td class=\"has-text-align-center\" data-align=\"center\">K<\/td><td class=\"has-text-align-left\" data-align=\"left\"><strong>Jeep Compass Plug In (Hybrid) (Automatic)<\/strong><br>Station Wagon Automatic Estate \/ 5dr a\/c<\/td><td class=\"has-text-align-left\" data-align=\"left\">\u20ac 126 \/ \u20ac 948<\/td><td class=\"has-text-align-left\" data-align=\"left\">\u20ac 160 \/ \u20ac 1.200<\/td><\/tr><tr><td class=\"has-text-align-center\" data-align=\"center\">L<\/td><td class=\"has-text-align-left\" data-align=\"left\"><strong>Mercedes E-Class (Automatic) <\/strong><br>Large Luxury<\/td><td class=\"has-text-align-left\" data-align=\"left\">\u20ac 138 \/ \u20ac 1.036<\/td><td class=\"has-text-align-left\" data-align=\"left\">\u20ac 175 \/ \u20ac 1.315<\/td><\/tr><tr><td class=\"has-text-align-center\" data-align=\"center\">M<\/td><td class=\"has-text-align-left\" data-align=\"left\"><strong>Mercedes Vito <\/strong><br>People carrier (9 seats)<\/td><td class=\"has-text-align-left\" data-align=\"left\">\u20ac 129 \/ \u20ac 966<\/td><td class=\"has-text-align-left\" data-align=\"left\">\u20ac 163 \/ \u20ac 1.225<\/td><\/tr><tr><td class=\"has-text-align-center\" data-align=\"center\">P<\/td><td class=\"has-text-align-left\" data-align=\"left\"><strong>Citroen C5 Aircross (Automatic) <\/strong><br>Intermediate (SUV)<\/td><td class=\"has-text-align-left\" data-align=\"left\">\u20ac 125 \/ \u20ac 925<\/td><td class=\"has-text-align-left\" data-align=\"left\">\u20ac 155 \/ \u20ac 1.155<\/td><\/tr><\/tbody><\/table><figcaption class=\"wp-element-caption\">Die Fahrzeugkategorie ist immer garantiert, der Fahrzeugtyp jedoch nicht!<br>* Preis pro Tag bei einer Mindestmietdauer von 14 Tagen.<\/figcaption><\/figure>\n\n\n\n<p><\/p>\n\n\n\n<p>In den Preis sind CDW (Schaden) und TPR (Diebstal) d.h. Vollkasko mit voller Haftung; unbegrenzte KM Zahl, Flugahfengeb\u00fchren, KFZ-Steuer (exkl. Mautgeb\u00fchren), Nationale One-Way Drop Off, zweiter Fahrer <strong>inbegriffen<\/strong>.<\/p>\n\n\n\n<p><strong>Achtung:<\/strong> das Vollkasko gilt nicht auf Reifen, Fenster und Boden des Wagens (das ist standard bei den meisten Autovermietung). Es ist aber wichtig zu sagen, dass im Falle von Schaden, m\u00fcssen Sie bei Vollkasko kein Geld vorstrecken.<\/p>\n<\/div>","protected":false},"excerpt":{"rendered":"<p>Am Ankunftsflughafen steht das Mietfahrzeug f\u00fcr Sie bereit. Wir arbeiten seit 20 Jahren mit Maggiore Rent (Teil der Avis Budget Group) zusammen, einem sehr bekannten Autovermietungsunternehmen in Italien, bei dem unsere G\u00e4ste ausgezeichnete Erfahrungen gemacht haben. Im Internet finden Sie sicherlich sehr g\u00fcnstige Preise, jedoch sind darin oft viele versteckte Zusatzkosten nicht enthalten. Unsere Tarife &#8230; <a title=\"Autovermietung auf Sizilien\" class=\"read-more\" href=\"https:\/\/tururi.org\/de\/auto-mieten\/\" aria-label=\"Mehr Informationen \u00fcber Autovermietung auf Sizilien\">Lees meer<\/a><\/p>\n","protected":false},"author":2,"featured_media":30,"parent":0,"menu_order":0,"comment_status":"closed","ping_status":"closed","template":"","meta":{"_acf_changed":false,"inline_featured_image":false,"footnotes":""},"class_list":["post-29","page","type-page","status-publish","has-post-thumbnail"],"acf":{"ondertitel":"Unsere Autovermietungsoptionen"},"_links":{"self":[{"href":"https:\/\/tururi.org\/de\/wp-json\/wp\/v2\/pages\/29","targetHints":{"allow":["GET"]}}],"collection":[{"href":"https:\/\/tururi.org\/de\/wp-json\/wp\/v2\/pages"}],"about":[{"href":"https:\/\/tururi.org\/de\/wp-json\/wp\/v2\/types\/page"}],"author":[{"embeddable":true,"href":"https:\/\/tururi.org\/de\/wp-json\/wp\/v2\/users\/2"}],"replies":[{"embeddable":true,"href":"https:\/\/tururi.org\/de\/wp-json\/wp\/v2\/comments?post=29"}],"version-history":[{"count":2,"href":"https:\/\/tururi.org\/de\/wp-json\/wp\/v2\/pages\/29\/revisions"}],"predecessor-version":[{"id":2905,"href":"https:\/\/tururi.org\/de\/wp-json\/wp\/v2\/pages\/29\/revisions\/2905"}],"wp:featuredmedia":[{"embeddable":true,"href":"https:\/\/tururi.org\/de\/wp-json\/wp\/v2\/media\/30"}],"wp:attachment":[{"href":"https:\/\/tururi.org\/de\/wp-json\/wp\/v2\/media?parent=29"}],"curies":[{"name":"wp","href":"https:\/\/api.w.org\/{rel}","templated":true}]}}