{"id":251,"date":"2023-10-17T10:32:34","date_gmt":"2023-10-17T10:32:34","guid":{"rendered":"https:\/\/tururi.org\/de\/?page_id=251"},"modified":"2024-11-11T15:02:10","modified_gmt":"2024-11-11T15:02:10","slug":"fliegen-nach-sizilien","status":"publish","type":"page","link":"https:\/\/tururi.org\/de\/fliegen-nach-sizilien\/","title":{"rendered":"Fliegen nach Sizilien"},"content":{"rendered":"<div id=\"modal-ready\">\n<p><strong>Gerne informieren wir Sie \u00fcber die verschiedenen Flugm\u00f6glichkeiten nach Sizilien und stehen Ihnen zur Beratung bei der Auswahl des Fluges zur Verf\u00fcgung, der am besten Ihren pers\u00f6nlichen Vorlieben entspricht.<\/strong><\/p>\n\n\n\n<p>Ab Deutschland, wie ab \u00d6sterreich und Schweiz, kann man von relativ jeder Flughafen, fast jederzeit und g\u00fcnstig zu den 3 Flugh\u00e4fen Siziliens, n\u00e4mlich <strong>Catania<\/strong>, <strong>Palermo<\/strong> und <strong>Trapani<\/strong>, hinfliegen.<\/p>\n\n\n\n<p>Mehrere Fluggesellschaften wie <strong><a href=\"https:\/\/www.lufthansa.com\/\" target=\"_blank\" rel=\"noreferrer noopener\">www.lufthansa.com<\/a>,<\/strong> <a href=\"https:\/\/www.swiss.com\/\" target=\"_blank\" rel=\"noreferrer noopener\"><strong>www.swiss.com<\/strong><\/a> <a href=\"https:\/\/www.alitalia.com\/\" target=\"_blank\" rel=\"noreferrer noopener\"><strong>www.itaairways.it<\/strong><\/a>, <a href=\"https:\/\/www.airmalta.com\/\" target=\"_blank\" rel=\"noreferrer noopener\"><strong>www.airmalta.com<\/strong><\/a> fliegen das ganze Jahr nach Sizilien, w\u00e4hrend low cost Gesellschaften wie <a href=\"http:\/\/www.ryanair.com\/\" target=\"_blank\" rel=\"noreferrer noopener\"><strong>www.ryanair.com<\/strong><\/a> und <a href=\"https:\/\/www.easyjet.com\" target=\"_blank\" rel=\"noreferrer noopener\"><strong>www.easyjet.com<\/strong><\/a> fliegen ab M\u00e4rz bis November.<\/p>\n\n\n\n<p>Nach dem Sie Ihren Flug ausgesucht haben mit oder ohne unsere Hilfe, stellen wir die passende Tour zusammen. Sie k\u00f6nnen entscheiden, ob Sie den Flug auch \u00fcber uns buchen oder selbst. Wir stehen Ihnen daf\u00fcr jederzeit und gerne zur Verf\u00fcgung. Wenn Sie schon einen Flug gebucht haben. K\u00f6nnen wir die Tour nach dem Flug anpassen.<\/p>\n\n\n\n<ul class=\"wp-block-list\">\n<li><strong>Eurowings<\/strong>: F\u00fcr Reisende aus Deutschland besteht das ganze Jahr \u00fcber eine Direktverbindung von D\u00fcsseldorf International nach Catania.<\/li>\n\n\n\n<li><strong><a href=\"https:\/\/www.ryanair.com\/nl\/nl\/\">Ryanair<\/a><\/strong>: Ryanair bietet mehrere Abflugorte in Deutschland mit Direktfl\u00fcgen nach Sizilien, darunter Fl\u00fcge von D\u00fcsseldorf-Weeze nach Trapani-Marsala, von K\u00f6ln nach Palermo, von Frankfurt Hahn nach Comiso, von Frankfurt International nach Catania und einen Flug mit Zwischenstopp von Bremen nach Catania.<\/li>\n<\/ul>\n\n\n\n<p>Die Verf\u00fcgbarkeit und H\u00e4ufigkeit dieser Fl\u00fcge kann variieren. Daher empfehlen wir, uns Ihre bevorzugten Reisedaten und Vorlieben mitzuteilen, damit wir Ihnen ein individuelles Angebot unterbreiten k\u00f6nnen.<\/p>\n\n\n\n<p>Wir raten Ihnen, den Flug selbst zu buchen. So behalten Sie die volle Kontrolle \u00fcber Ihre Buchung und k\u00f6nnen selbst entscheiden, mit welcher Fluggesellschaft Sie fliegen und von welchem Flughafen Sie abfliegen m\u00f6chten. Zudem w\u00e4hlen Sie Ihren Sitzplatz, das gew\u00fcnschte Gep\u00e4ckvolumen und eventuelle Extras ganz nach Ihren eigenen Vorstellungen aus und verwalten Ihre Buchung bequem von zu Hause aus. Damit sparen Sie au\u00dferdem zus\u00e4tzliche Reservierungs- und Verwaltungskosten (siehe unten).<\/p>\n\n\n\n<p>Wenn Sie es jedoch vorziehen, dass wir die Flugreise f\u00fcr Sie organisieren, fallen zus\u00e4tzlich zu den Reservierungs- und<strong> Bearbeitungsgeb\u00fchren von \u20ac40 pro Person<\/strong> auch die vollst\u00e4ndigen Flugkosten an, die umgehend beglichen werden m\u00fcssen. In diesem Fall ist es erforderlich, dass Sie uns Ihre Sitzplatzpr\u00e4ferenz, das gew\u00fcnschte Gep\u00e4ckvolumen und etwaige Extras mitteilen.<\/p>\n\n\n\n<p><\/p>\n<\/div>","protected":false},"excerpt":{"rendered":"<p>Gerne informieren wir Sie \u00fcber die verschiedenen Flugm\u00f6glichkeiten nach Sizilien und stehen Ihnen zur Beratung bei der Auswahl des Fluges zur Verf\u00fcgung, der am besten Ihren pers\u00f6nlichen Vorlieben entspricht. Ab Deutschland, wie ab \u00d6sterreich und Schweiz, kann man von relativ jeder Flughafen, fast jederzeit und g\u00fcnstig zu den 3 Flugh\u00e4fen Siziliens, n\u00e4mlich Catania, Palermo und &#8230; <a title=\"Fliegen nach Sizilien\" class=\"read-more\" href=\"https:\/\/tururi.org\/de\/fliegen-nach-sizilien\/\" aria-label=\"Mehr Informationen \u00fcber Fliegen nach Sizilien\">Lees meer<\/a><\/p>\n","protected":false},"author":2,"featured_media":252,"parent":0,"menu_order":0,"comment_status":"closed","ping_status":"closed","template":"","meta":{"_acf_changed":false,"inline_featured_image":false,"footnotes":""},"class_list":["post-251","page","type-page","status-publish","has-post-thumbnail"],"acf":{"ondertitel":"Flugm\u00f6glichkeiten"},"_links":{"self":[{"href":"https:\/\/tururi.org\/de\/wp-json\/wp\/v2\/pages\/251","targetHints":{"allow":["GET"]}}],"collection":[{"href":"https:\/\/tururi.org\/de\/wp-json\/wp\/v2\/pages"}],"about":[{"href":"https:\/\/tururi.org\/de\/wp-json\/wp\/v2\/types\/page"}],"author":[{"embeddable":true,"href":"https:\/\/tururi.org\/de\/wp-json\/wp\/v2\/users\/2"}],"replies":[{"embeddable":true,"href":"https:\/\/tururi.org\/de\/wp-json\/wp\/v2\/comments?post=251"}],"version-history":[{"count":2,"href":"https:\/\/tururi.org\/de\/wp-json\/wp\/v2\/pages\/251\/revisions"}],"predecessor-version":[{"id":2947,"href":"https:\/\/tururi.org\/de\/wp-json\/wp\/v2\/pages\/251\/revisions\/2947"}],"wp:featuredmedia":[{"embeddable":true,"href":"https:\/\/tururi.org\/de\/wp-json\/wp\/v2\/media\/252"}],"wp:attachment":[{"href":"https:\/\/tururi.org\/de\/wp-json\/wp\/v2\/media?parent=251"}],"curies":[{"name":"wp","href":"https:\/\/api.w.org\/{rel}","templated":true}]}}