{"id":196,"date":"2023-10-11T14:41:51","date_gmt":"2023-10-11T14:41:51","guid":{"rendered":"https:\/\/tururi.org\/de\/?page_id=196"},"modified":"2025-12-18T09:51:55","modified_gmt":"2025-12-18T09:51:55","slug":"rundreisen","status":"publish","type":"page","link":"https:\/\/tururi.org\/de\/rundreisen\/","title":{"rendered":"Sizilien Rundreisen mit Tururi"},"content":{"rendered":"<div id=\"modal-ready\"><div class=\"gb-container gb-container-8eed807e\">\n\n<p><em>Es sind nicht die Menschen, die die Reisen machen, sondern die Reisen machen den Menschen.<\/em><br>John Steinbeck<\/p>\n\n\n\n<p>Menschen reisen auf unterschiedliche Art und Weise: Sie haben individuelle W\u00fcnsche, Erwartungen und Anspr\u00fcche. Aus diesem Grund bieten wir <strong>Individualreisen mit ma\u00dfgeschneiderten Routen<\/strong> bei einem H\u00f6chstma\u00df an Sorgfalt und Professionalit\u00e4t an. Wir kennen die Insel und die von uns empfohlenen Unterk\u00fcnfte sehr gut und k\u00f6nnen daher Reisen individuell optimal gestalten: <strong>Authentische Erfahrungen bleiben in Erinnerung<\/strong>.<\/p>\n\n\n\n<p>Wir bieten Ihnen die M\u00f6glichkeit, mit unseren Sizilien Rundreisen fernab der Routen des Massentourismus zu reisen und dabei ein <strong>verborgenes Sizilien<\/strong> sowie seine historischen, k\u00fcnstlerischen und traditionellen Reicht\u00fcmer zu entdecken, die von der Zeit verschont geblieben sind. Ob auf einer Exkursion durch die raue und urw\u00fcchsige Natur oder bei einem Kopfsprung in den Pool eines Luxushotels, einer Besichtigung der palermitanischen Monumente, auf einem Segelt\u00f6rn zu den \u00c4olischen Inseln, als Erntehelfer bei der Olivenernte oder als Helfer bei der Herstellung von Ricotta \u2013 immer bieten wir Ihnen ein <strong>authentisches Sizilien<\/strong> in seiner ganzen F\u00fclle an D\u00fcften, Farben, Aromen und einzigartigen Landschaften.<\/p>\n\n\n\n<p>Entdecken Sie jetzt unsere <strong>Sizilien Reisen!<\/strong><\/p>\n\n<\/div>\n\n<div class=\"gb-container gb-container-37a00443 alignfull\"><div class=\"gb-inside-container\">\n<div class=\"gb-container gb-container-73bc5e22\">\n\n<figure class=\"gb-block-image gb-block-image-e5cdea1e\"><img decoding=\"async\" class=\"gb-image gb-image-e5cdea1e\" src=\"https:\/\/tururi.org\/wp-content\/uploads\/2023\/09\/circle1.png\" alt=\"Individuele rondreizen (fly-drive Sicili\u00eb)\" title=\"Individuele rondreizen (fly-drive Sicili\u00eb)\"\/><\/figure>\n\n\n\n<h2 class=\"gb-headline gb-headline-89e00bd9 gb-headline-text\"><strong>Sizilien Rundreise mit Auto: Freiheit &amp; Kultur erleben<\/strong><\/h2>\n\n<\/div>\n\n\n<p><strong>Sie lieben es, Ihre Reisen selbst zu gestalten \u2013 ob allein, zu zweit oder mit der Familie?<\/strong> Dann ist unsere <strong>Sizilien-Rundreise mit dem Auto<\/strong> genau das Richtige f\u00fcr Sie. Mit unseren <strong>Sizilien-Mietwagenrundreisen<\/strong> \u2013 oder mit Ihrem eigenen Auto \u2013 entdecken Sie die Insel ganz in Ihrem eigenen Rhythmus. Sie bestimmen die Etappen, wir sorgen f\u00fcr ein unvergessliches Reiseerlebnis mit Exkursionen, Spazierg\u00e4ngen und F\u00fchrungen. Authentisch, individuell und fernab der Touristenmassen.<\/p>\n\n\n\n<p><\/p>\n\n\n\n<div class=\"gb-grid-wrapper gb-grid-wrapper-af396a36 gb-query-loop-wrapper\">\n<div class=\"gb-grid-column gb-grid-column-86172639 gb-query-loop-item post-160 post type-post status-publish format-standard has-post-thumbnail hentry category-rundreisen tag-landgasthoefen-sizilien tag-mietwagenrundreisen-sizilien\"><div class=\"gb-container gb-container-86172639\">\n<div class=\"gb-container gb-container-2a4a34eb\" style=\"background-image: url(https:\/\/tururi.org\/de\/wp-content\/uploads\/sites\/2\/2023\/10\/Landelijk-Sicilie-Fly-Drive-Sicilie-15-dagen.jpg);\"><a class=\"gb-container-link\" href=\"https:\/\/tururi.org\/de\/urlaub-fuer-familien-in-landgasthoefen\/\"><\/a><\/div>\n\n<h3 class=\"gb-headline gb-headline-0d46e9d6 gb-headline-text\"><a href=\"https:\/\/tururi.org\/de\/urlaub-fuer-familien-in-landgasthoefen\/\">Urlaub f\u00fcr Familien in Landgasth\u00f6fen<\/a><\/h3>\n\n<div class=\"gb-headline gb-headline-1529036f gb-headline-text\">Relax, Ambiente und Aussenbereich f\u00fcr Familien, Land typische K\u00fcche, ausgezeichnete Weine, einmalige Landschaften, Spazierg\u00e4nge, Kultur und Tradition, famili\u00e4re Gastfreundlichkeit.<\/div>\n\n<a class=\"gb-button gb-button-77995f77\" href=\"https:\/\/tururi.org\/de\/urlaub-fuer-familien-in-landgasthoefen\/\"><span class=\"gb-button-text\">Mehr Entdecken<\/span><span class=\"gb-icon\"><svg viewbox=\"0 0 40 25.81\" xmlns=\"http:\/\/www.w3.org\/2000\/svg\" data-name=\"Layer 1\"><path d=\"M1.55 14.46H34.7l-8.7 8.7a1.55 1.55 0 1 0 2.19 2.19L39.54 14a1.53 1.53 0 0 0 0-2.19L28.19.45A1.55 1.55 0 1 0 26 2.65l8.7 8.7H1.55a1.56 1.56 0 0 0 0 3.11Z\"><\/path><\/svg><\/span><\/a>\n<\/div><\/div>\n\n<div class=\"gb-grid-column gb-grid-column-86172639 gb-query-loop-item post-511 post type-post status-publish format-standard has-post-thumbnail hentry category-rundreisen tag-klassisches-sizilien tag-mietwagenrundreisen-sizilien\"><div class=\"gb-container gb-container-86172639\">\n<div class=\"gb-container gb-container-2a4a34eb\" style=\"background-image: url(https:\/\/tururi.org\/de\/wp-content\/uploads\/sites\/2\/2023\/10\/722-3.jpg);\"><a class=\"gb-container-link\" href=\"https:\/\/tururi.org\/de\/klassisches-sizilien-8-tage-fly-drive-ost\/\"><\/a><\/div>\n\n<h3 class=\"gb-headline gb-headline-0d46e9d6 gb-headline-text\"><a href=\"https:\/\/tururi.org\/de\/klassisches-sizilien-8-tage-fly-drive-ost\/\">Klassisches Sizilien: 8 Tage Fly &amp; Drive Ost<\/a><\/h3>\n\n<div class=\"gb-headline gb-headline-1529036f gb-headline-text\">Boutique-Hotels, Highlights im Osten Siziliens, Kunst und Kultur, Weinverkostungen, Kochkurse, Wanderungen. W\u00e4hrend dieser 8-t\u00e4gigen Reise werden Sie die Ostseite der Insel entdecken.<\/div>\n\n<a class=\"gb-button gb-button-77995f77\" href=\"https:\/\/tururi.org\/de\/klassisches-sizilien-8-tage-fly-drive-ost\/\"><span class=\"gb-button-text\">Mehr Entdecken<\/span><span class=\"gb-icon\"><svg viewbox=\"0 0 40 25.81\" xmlns=\"http:\/\/www.w3.org\/2000\/svg\" data-name=\"Layer 1\"><path d=\"M1.55 14.46H34.7l-8.7 8.7a1.55 1.55 0 1 0 2.19 2.19L39.54 14a1.53 1.53 0 0 0 0-2.19L28.19.45A1.55 1.55 0 1 0 26 2.65l8.7 8.7H1.55a1.56 1.56 0 0 0 0 3.11Z\"><\/path><\/svg><\/span><\/a>\n<\/div><\/div>\n\n<div class=\"gb-grid-column gb-grid-column-86172639 gb-query-loop-item post-585 post type-post status-publish format-standard has-post-thumbnail hentry category-rundreisen tag-mietwagenrundreisen-sizilien tag-verstecktes-sizilien\"><div class=\"gb-container gb-container-86172639\">\n<div class=\"gb-container gb-container-2a4a34eb\" style=\"background-image: url(https:\/\/tururi.org\/de\/wp-content\/uploads\/sites\/2\/2023\/10\/719-3.jpg);\"><a class=\"gb-container-link\" href=\"https:\/\/tururi.org\/de\/verstecktes-sizilien-8-tage-flydrive-west\/\"><\/a><\/div>\n\n<h3 class=\"gb-headline gb-headline-0d46e9d6 gb-headline-text\"><a href=\"https:\/\/tururi.org\/de\/verstecktes-sizilien-8-tage-flydrive-west\/\">Verstecktes Sizilien: 8 Tage Fly &#038; Drive West<\/a><\/h3>\n\n<div class=\"gb-headline gb-headline-1529036f gb-headline-text\">Entdecken Sie auf dieser 8-t\u00e4gigen Reise die au\u00dfergew\u00f6hnliche Natur und Kultur des westlichen Siziliens und lassen Sie sich von der Sch\u00f6nheit einer vom Massentourismus unber\u00fchrten Region \u00fcberraschen.<\/div>\n\n<a class=\"gb-button gb-button-77995f77\" href=\"https:\/\/tururi.org\/de\/verstecktes-sizilien-8-tage-flydrive-west\/\"><span class=\"gb-button-text\">Mehr Entdecken<\/span><span class=\"gb-icon\"><svg viewbox=\"0 0 40 25.81\" xmlns=\"http:\/\/www.w3.org\/2000\/svg\" data-name=\"Layer 1\"><path d=\"M1.55 14.46H34.7l-8.7 8.7a1.55 1.55 0 1 0 2.19 2.19L39.54 14a1.53 1.53 0 0 0 0-2.19L28.19.45A1.55 1.55 0 1 0 26 2.65l8.7 8.7H1.55a1.56 1.56 0 0 0 0 3.11Z\"><\/path><\/svg><\/span><\/a>\n<\/div><\/div>\n\n<div class=\"gb-grid-column gb-grid-column-86172639 gb-query-loop-item post-540 post type-post status-publish format-standard has-post-thumbnail hentry category-rundreisen tag-mietwagenrundreisen-sizilien tag-wein-reise-sizilien\"><div class=\"gb-container gb-container-86172639\">\n<div class=\"gb-container gb-container-2a4a34eb\" style=\"background-image: url(https:\/\/tururi.org\/de\/wp-content\/uploads\/sites\/2\/2023\/10\/wijnreis-sicilie-13-dagen-fly-drive.jpg);\"><a class=\"gb-container-link\" href=\"https:\/\/tururi.org\/de\/wein-und-gourmet-reise-auf-sizilien-13-tage-fly-and-drive\/\"><\/a><\/div>\n\n<h3 class=\"gb-headline gb-headline-0d46e9d6 gb-headline-text\"><a href=\"https:\/\/tururi.org\/de\/wein-und-gourmet-reise-auf-sizilien-13-tage-fly-and-drive\/\">Wein und Gourmet Reise auf Sizilien: 13 Tage Fly and Drive<\/a><\/h3>\n\n<div class=\"gb-headline gb-headline-1529036f gb-headline-text\">Boutique-Hotels, Weinverkostungen, Besichtigungen von Weing\u00fctern und Weinfarmen, ausgezeichnete Mahlzeiten, Kochkurse, Meer und vor allem Entspannung.<\/div>\n\n<a class=\"gb-button gb-button-77995f77\" href=\"https:\/\/tururi.org\/de\/wein-und-gourmet-reise-auf-sizilien-13-tage-fly-and-drive\/\"><span class=\"gb-button-text\">Mehr Entdecken<\/span><span class=\"gb-icon\"><svg viewbox=\"0 0 40 25.81\" xmlns=\"http:\/\/www.w3.org\/2000\/svg\" data-name=\"Layer 1\"><path d=\"M1.55 14.46H34.7l-8.7 8.7a1.55 1.55 0 1 0 2.19 2.19L39.54 14a1.53 1.53 0 0 0 0-2.19L28.19.45A1.55 1.55 0 1 0 26 2.65l8.7 8.7H1.55a1.56 1.56 0 0 0 0 3.11Z\"><\/path><\/svg><\/span><\/a>\n<\/div><\/div>\n\n<div class=\"gb-grid-column gb-grid-column-86172639 gb-query-loop-item post-605 post type-post status-publish format-standard has-post-thumbnail hentry category-rundreisen tag-mietwagenrundreisen-sizilien\"><div class=\"gb-container gb-container-86172639\">\n<div class=\"gb-container gb-container-2a4a34eb\" style=\"background-image: url(https:\/\/tururi.org\/de\/wp-content\/uploads\/sites\/2\/2023\/10\/720-5.jpg);\"><a class=\"gb-container-link\" href=\"https:\/\/tururi.org\/de\/sizilien-charme-tour-15-tage-fly-drive\/\"><\/a><\/div>\n\n<h3 class=\"gb-headline gb-headline-0d46e9d6 gb-headline-text\"><a href=\"https:\/\/tururi.org\/de\/sizilien-charme-tour-15-tage-fly-drive\/\">Sizilien Charme Tour: 15 Tage Fly &#038; Drive<\/a><\/h3>\n\n<div class=\"gb-headline gb-headline-1529036f gb-headline-text\">Kleine und feine Adressen, St\u00e4dte und Kunstst\u00e4dte, Kultur und Geschichte, k\u00f6stliche traditionelle Gerichte und besondere Weine.<\/div>\n\n<a class=\"gb-button gb-button-77995f77\" href=\"https:\/\/tururi.org\/de\/sizilien-charme-tour-15-tage-fly-drive\/\"><span class=\"gb-button-text\">Mehr Entdecken<\/span><span class=\"gb-icon\"><svg viewbox=\"0 0 40 25.81\" xmlns=\"http:\/\/www.w3.org\/2000\/svg\" data-name=\"Layer 1\"><path d=\"M1.55 14.46H34.7l-8.7 8.7a1.55 1.55 0 1 0 2.19 2.19L39.54 14a1.53 1.53 0 0 0 0-2.19L28.19.45A1.55 1.55 0 1 0 26 2.65l8.7 8.7H1.55a1.56 1.56 0 0 0 0 3.11Z\"><\/path><\/svg><\/span><\/a>\n<\/div><\/div>\n\n<div class=\"gb-grid-column gb-grid-column-86172639 gb-query-loop-item post-4044 post type-post status-publish format-standard has-post-thumbnail hentry category-rundreisen tag-mietwagenrundreisen-sizilien\"><div class=\"gb-container gb-container-86172639\">\n<div class=\"gb-container gb-container-2a4a34eb\" style=\"background-image: url(https:\/\/tururi.org\/de\/wp-content\/uploads\/sites\/2\/2025\/12\/Case-Briza-9904-7.jpg);\"><a class=\"gb-container-link\" href=\"https:\/\/tururi.org\/de\/intim-und-persoenlich-sizilien-15-tage-fly-drive\/\"><\/a><\/div>\n\n<h3 class=\"gb-headline gb-headline-0d46e9d6 gb-headline-text\"><a href=\"https:\/\/tururi.org\/de\/intim-und-persoenlich-sizilien-15-tage-fly-drive\/\">Intim und Pers\u00f6nlich Sizilien: 15 Tage Fly &#038; Drive<\/a><\/h3>\n\n<div class=\"gb-headline gb-headline-1529036f gb-headline-text\">Das intime und pers\u00f6nliche Sizilien: 15-t\u00e4gige Fly-and-Drive-Reise l\u00e4dt Sie ein, Sizilien auf eine pers\u00f6nliche und ruhige Weise zu erleben. Diese Reise ist keine typische Rundreise, sondern konzentriert sich darauf, die Insel mit offenen Sinnen zu entdecken.<\/div>\n\n<a class=\"gb-button gb-button-77995f77\" href=\"https:\/\/tururi.org\/de\/intim-und-persoenlich-sizilien-15-tage-fly-drive\/\"><span class=\"gb-button-text\">Mehr Entdecken<\/span><span class=\"gb-icon\"><svg viewbox=\"0 0 40 25.81\" xmlns=\"http:\/\/www.w3.org\/2000\/svg\" data-name=\"Layer 1\"><path d=\"M1.55 14.46H34.7l-8.7 8.7a1.55 1.55 0 1 0 2.19 2.19L39.54 14a1.53 1.53 0 0 0 0-2.19L28.19.45A1.55 1.55 0 1 0 26 2.65l8.7 8.7H1.55a1.56 1.56 0 0 0 0 3.11Z\"><\/path><\/svg><\/span><\/a>\n<\/div><\/div>\n<\/div>\n\n<\/div><\/div>\n\n<div class=\"gb-container gb-container-b5bfcee5 alignfull\"><div class=\"gb-inside-container\">\n<div class=\"gb-container gb-container-552b03dc\">\n\n<figure class=\"gb-block-image gb-block-image-010c0627\"><img decoding=\"async\" class=\"gb-image gb-image-010c0627\" src=\"https:\/\/tururi.org\/wp-content\/uploads\/2023\/09\/circle2.png\" alt=\" Groepsreizen Sicili\u00eb\" title=\" Groepsreizen Sicili\u00eb\"\/><\/figure>\n\n\n\n<h2 class=\"gb-headline gb-headline-67b7d360 gb-headline-text\">Gruppenreisen Sizilien<\/h2>\n\n<\/div>\n\n\n<p>Unsere <strong>Sizilien Reisen<\/strong> bieten Ihnen eine Vielzahl an Eindr\u00fccken und sch\u00f6nen Erinnerungen, die Sie mit Freunden und Familie teilen k\u00f6nnen. Lassen Sie sich von der Sch\u00f6nheit Siziliens verzaubern, entspannen Sie und kn\u00fcpfen Sie Kontakte mit Menschen aus der Region.<br><\/p>\n\n\n\n<div class=\"gb-grid-wrapper gb-grid-wrapper-8d22176e gb-query-loop-wrapper\">\n<div class=\"gb-grid-column gb-grid-column-91a12f8e gb-query-loop-item post-640 post type-post status-publish format-standard has-post-thumbnail hentry category-rundreisen tag-gruppentour-sizilien\"><div class=\"gb-container gb-container-91a12f8e\">\n<div class=\"gb-container gb-container-5cec85b9\" style=\"background-image: url(https:\/\/tururi.org\/de\/wp-content\/uploads\/sites\/2\/2023\/10\/686-3.jpg);\"><a class=\"gb-container-link\" href=\"https:\/\/tururi.org\/de\/sizilien-gruppen-tour\/\"><\/a><\/div>\n\n<h3 class=\"gb-headline gb-headline-2191df2b gb-headline-text\"><a href=\"https:\/\/tururi.org\/de\/sizilien-gruppen-tour\/\">Sizilien Gruppen Tour<\/a><\/h3>\n\n<div class=\"gb-headline gb-headline-62ee0298 gb-headline-text\">Eine gef\u00fchrte Tour zu den wundersch\u00f6nen Sehensw\u00fcrdigkeiten Siziliens. Kontakt mit der lokalen Bev\u00f6lkerung, Besuche in alten St\u00e4dten und Monumenten (UNESCO-Welterbe), Wanderungen durch unber\u00fchrte Natur und Genuss der k\u00f6stlichen sizilianischen K\u00fcche und hervorragenden Weine. \u00dcbernachtung in charmanten, kleinen und gastfreundlichen Hotels.<\/div>\n\n<a class=\"gb-button gb-button-0ff56d15\" href=\"https:\/\/tururi.org\/de\/sizilien-gruppen-tour\/\"><span class=\"gb-button-text\">Mehr Entdecken<\/span><span class=\"gb-icon\"><svg viewbox=\"0 0 40 25.81\" xmlns=\"http:\/\/www.w3.org\/2000\/svg\" data-name=\"Layer 1\"><path d=\"M1.55 14.46H34.7l-8.7 8.7a1.55 1.55 0 1 0 2.19 2.19L39.54 14a1.53 1.53 0 0 0 0-2.19L28.19.45A1.55 1.55 0 1 0 26 2.65l8.7 8.7H1.55a1.56 1.56 0 0 0 0 3.11Z\"><\/path><\/svg><\/span><\/a>\n<\/div><\/div>\n<\/div>\n\n<\/div><\/div>\n\n<div class=\"gb-container gb-container-4eec90c0 alignfull\"><div class=\"gb-inside-container\">\n<div class=\"gb-container gb-container-82c8ad5e\">\n\n<figure class=\"gb-block-image gb-block-image-11ba21ca\"><img decoding=\"async\" class=\"gb-image gb-image-11ba21ca\" src=\"https:\/\/tururi.org\/wp-content\/uploads\/2023\/09\/circle4.png\" alt=\"Sicili\u00eb Fietsreizen\" title=\"Sicili\u00eb Fietsreizen\"\/><\/figure>\n\n\n\n<h2 class=\"gb-headline gb-headline-d0253814 gb-headline-text\" id=\"radreisen\">Sizilien Radreisen<\/h2>\n\n<\/div>\n\n\n<p>Sie begeistern sich f\u00fcr den Fahrradtourismus oder interessieren sich daf\u00fcr. Wir organisieren individuelle <strong>Fahrradtouren auf Sizilien<\/strong>. Der Fahrradtourismus bietet eine echte Alternative, um neue Orte zu erkunden und das eigene k\u00f6rperliche und geistige Wohlbefinden zu steigern.<\/p>\n\n\n\n<div class=\"gb-grid-wrapper gb-grid-wrapper-fd3a91c8 gb-query-loop-wrapper\">\n<div class=\"gb-grid-column gb-grid-column-cccbc6b9 gb-query-loop-item post-702 post type-post status-publish format-standard has-post-thumbnail hentry category-rundreisen tag-radtour-sizilien\"><div class=\"gb-container gb-container-cccbc6b9\">\n<div class=\"gb-container gb-container-dea9f7bd\" style=\"background-image: url(https:\/\/tururi.org\/de\/wp-content\/uploads\/sites\/2\/2023\/10\/516-3.jpg);\"><a class=\"gb-container-link\" href=\"https:\/\/tururi.org\/de\/radtour-west-sizilien\/\"><\/a><\/div>\n\n<h3 class=\"gb-headline gb-headline-a906307f gb-headline-text\"><a href=\"https:\/\/tururi.org\/de\/radtour-west-sizilien\/\">Radtour West Sizilien<\/a><\/h3>\n\n<div class=\"gb-headline gb-headline-8f1d95a9 gb-headline-text\">Nat\u00fcrlich, Kultur und Geschichte, Agriturismi, Wandern, malerische Umgebung, kristallklares Meer, Weinverkostung. Diese aktive Reise verspricht eine perfekte Mischung aus Natur, Kultur und Geschichte.<\/div>\n\n<a class=\"gb-button gb-button-5b01afb3\" href=\"https:\/\/tururi.org\/de\/radtour-west-sizilien\/\"><span class=\"gb-button-text\">Mehr Entdecken<\/span><span class=\"gb-icon\"><svg viewbox=\"0 0 40 25.81\" xmlns=\"http:\/\/www.w3.org\/2000\/svg\" data-name=\"Layer 1\"><path d=\"M1.55 14.46H34.7l-8.7 8.7a1.55 1.55 0 1 0 2.19 2.19L39.54 14a1.53 1.53 0 0 0 0-2.19L28.19.45A1.55 1.55 0 1 0 26 2.65l8.7 8.7H1.55a1.56 1.56 0 0 0 0 3.11Z\"><\/path><\/svg><\/span><\/a>\n<\/div><\/div>\n\n<div class=\"gb-grid-column gb-grid-column-cccbc6b9 gb-query-loop-item post-704 post type-post status-publish format-standard has-post-thumbnail hentry category-rundreisen tag-radtour-sizilien\"><div class=\"gb-container gb-container-cccbc6b9\">\n<div class=\"gb-container gb-container-dea9f7bd\" style=\"background-image: url(https:\/\/tururi.org\/de\/wp-content\/uploads\/sites\/2\/2023\/10\/512-3.jpg);\"><a class=\"gb-container-link\" href=\"https:\/\/tururi.org\/de\/radtour-auf-aetna\/\"><\/a><\/div>\n\n<h3 class=\"gb-headline gb-headline-a906307f gb-headline-text\"><a href=\"https:\/\/tururi.org\/de\/radtour-auf-aetna\/\">Radtour auf \u00c4tna<\/a><\/h3>\n\n<div class=\"gb-headline gb-headline-8f1d95a9 gb-headline-text\">Entdecken Sie Sizilien auf einer einzigartigen 7-t\u00e4gigen Segelreise mit dem bezaubernden Boot Zephyr. Erleben Sie das unber\u00fchrte Meer und lassen Sie sich von erfahrenen Kapit\u00e4nen f\u00fchren, w\u00e4hrend Sie um kleine Inseln segeln. Diese Reise taucht Sie in die Natur ein und erm\u00f6glicht es Ihnen, die reichen Traditionen und Kultur der Region zu genie\u00dfen.<\/div>\n\n<a class=\"gb-button gb-button-5b01afb3\" href=\"https:\/\/tururi.org\/de\/radtour-auf-aetna\/\"><span class=\"gb-button-text\">Mehr Entdecken<\/span><span class=\"gb-icon\"><svg viewbox=\"0 0 40 25.81\" xmlns=\"http:\/\/www.w3.org\/2000\/svg\" data-name=\"Layer 1\"><path d=\"M1.55 14.46H34.7l-8.7 8.7a1.55 1.55 0 1 0 2.19 2.19L39.54 14a1.53 1.53 0 0 0 0-2.19L28.19.45A1.55 1.55 0 1 0 26 2.65l8.7 8.7H1.55a1.56 1.56 0 0 0 0 3.11Z\"><\/path><\/svg><\/span><\/a>\n<\/div><\/div>\n<\/div>\n\n\n\n<p><br><\/p>\n\n<\/div><\/div><\/div>","protected":false},"excerpt":{"rendered":"<p>Es sind nicht die Menschen, die die Reisen machen, sondern die Reisen machen den Menschen.John Steinbeck Menschen reisen auf unterschiedliche Art und Weise: Sie haben individuelle W\u00fcnsche, Erwartungen und Anspr\u00fcche. Aus diesem Grund bieten wir Individualreisen mit ma\u00dfgeschneiderten Routen bei einem H\u00f6chstma\u00df an Sorgfalt und Professionalit\u00e4t an. Wir kennen die Insel und die von uns &#8230; <a title=\"Sizilien Rundreisen mit Tururi\" class=\"read-more\" href=\"https:\/\/tururi.org\/de\/rundreisen\/\" aria-label=\"Mehr Informationen \u00fcber Sizilien Rundreisen mit Tururi\">Lees meer<\/a><\/p>\n","protected":false},"author":2,"featured_media":197,"parent":0,"menu_order":0,"comment_status":"closed","ping_status":"closed","template":"","meta":{"_acf_changed":false,"inline_featured_image":false,"footnotes":""},"class_list":["post-196","page","type-page","status-publish","has-post-thumbnail"],"acf":{"ondertitel":"Sizilien Rundreisen mit Tururi"},"_links":{"self":[{"href":"https:\/\/tururi.org\/de\/wp-json\/wp\/v2\/pages\/196","targetHints":{"allow":["GET"]}}],"collection":[{"href":"https:\/\/tururi.org\/de\/wp-json\/wp\/v2\/pages"}],"about":[{"href":"https:\/\/tururi.org\/de\/wp-json\/wp\/v2\/types\/page"}],"author":[{"embeddable":true,"href":"https:\/\/tururi.org\/de\/wp-json\/wp\/v2\/users\/2"}],"replies":[{"embeddable":true,"href":"https:\/\/tururi.org\/de\/wp-json\/wp\/v2\/comments?post=196"}],"version-history":[{"count":3,"href":"https:\/\/tururi.org\/de\/wp-json\/wp\/v2\/pages\/196\/revisions"}],"predecessor-version":[{"id":4089,"href":"https:\/\/tururi.org\/de\/wp-json\/wp\/v2\/pages\/196\/revisions\/4089"}],"wp:featuredmedia":[{"embeddable":true,"href":"https:\/\/tururi.org\/de\/wp-json\/wp\/v2\/media\/197"}],"wp:attachment":[{"href":"https:\/\/tururi.org\/de\/wp-json\/wp\/v2\/media?parent=196"}],"curies":[{"name":"wp","href":"https:\/\/api.w.org\/{rel}","templated":true}]}}