{"id":1619,"date":"2023-12-20T07:19:02","date_gmt":"2023-12-20T07:19:02","guid":{"rendered":"https:\/\/tururi.org\/de\/?page_id=1619"},"modified":"2023-12-20T07:19:03","modified_gmt":"2023-12-20T07:19:03","slug":"fliegen-nach-sardinien","status":"publish","type":"page","link":"https:\/\/tururi.org\/de\/sardinien\/fliegen-nach-sardinien\/","title":{"rendered":"Fliegen nach Sardinien"},"content":{"rendered":"<div id=\"modal-ready\">\n<p><strong>Gerne informieren wir Sie \u00fcber die verschiedenen Flugm\u00f6glichkeiten nach Sardinien und stehen Ihnen gerne zur Verf\u00fcgung, um Sie bei der Auswahl des Fluges zu beraten, der am besten Ihren pers\u00f6nlichen Vorlieben entspricht.<\/strong><\/p>\n\n\n\n<p>Es gibt drei Flugh\u00e4fen auf der Insel: Olbia (Nordost), Alghero (Nordwest) und Cagliari (S\u00fcd). Mehrere Fluggesellschaften wie <a href=\"https:\/\/www.germanwings.com\/\" target=\"_blank\" rel=\"noreferrer noopener\">www.germanwings.com<\/a>, <a href=\"https:\/\/www.lufthansa.com\/\" target=\"_blank\" rel=\"noreferrer noopener\">www.lufthansa.com<\/a>, <a href=\"https:\/\/www.swiss.com\/\" target=\"_blank\" rel=\"noreferrer noopener\">www.swiss.com<\/a>, <a href=\"https:\/\/www.alitalia.com\/\" target=\"_blank\" rel=\"noreferrer noopener\">www.alitalia.com<\/a> fliegen das ganze Jahr nach Sardinien, w\u00e4hrend low cost Gesellschaften wie\u00a0<a href=\"https:\/\/www.ryanair.com\/\" target=\"_blank\" rel=\"noreferrer noopener\">www.ryanair.com<\/a>, <a href=\"https:\/\/www.easyjet.com\/\" target=\"_blank\" rel=\"noreferrer noopener\">www.easyjet.com<\/a> fliegen ab M\u00e4rz bis November.<\/p>\n\n\n\n<p>Nach dem Sie Ihren Flug ausgesucht haben mit oder ohne unsere Hilfe, stellen wir die passende Tour zusammen. Sie k\u00f6nnen entscheiden, ob Sie den Flug auch \u00fcber uns buchen oder selbst. Wir stehen Ihnen daf\u00fcr jederzeit und gerne zur Verf\u00fcgung. Wenn Sie schon einen Flug gebucht haben. K\u00f6nnen wir die Tour nach dem Flug anpassen.<\/p>\n\n\n\n<p>Die Verf\u00fcgbarkeit und H\u00e4ufigkeit dieser Fl\u00fcge k\u00f6nnen variieren, daher empfehlen wir Ihnen, uns Ihre Reisedaten und -pr\u00e4ferenzen mitzuteilen, damit wir Ihnen ein personalisiertes Angebot unterbreiten k\u00f6nnen. Wenn Sie m\u00f6chten, k\u00f6nnen wir auch die Flugbuchungen f\u00fcr Sie vornehmen, wobei eine zus\u00e4tzliche Verwaltungsgeb\u00fchr von 30 \u20ac pro Person anf\u00e4llt.<\/p>\n\n\n\n<p><\/p>\n<\/div>","protected":false},"excerpt":{"rendered":"<p>Gerne informieren wir Sie \u00fcber die verschiedenen Flugm\u00f6glichkeiten nach Sardinien und stehen Ihnen gerne zur Verf\u00fcgung, um Sie bei der Auswahl des Fluges zu beraten, der am besten Ihren pers\u00f6nlichen Vorlieben entspricht. Es gibt drei Flugh\u00e4fen auf der Insel: Olbia (Nordost), Alghero (Nordwest) und Cagliari (S\u00fcd). Mehrere Fluggesellschaften wie www.germanwings.com, www.lufthansa.com, www.swiss.com, www.alitalia.com fliegen das &#8230; <a title=\"Fliegen nach Sardinien\" class=\"read-more\" href=\"https:\/\/tururi.org\/de\/sardinien\/fliegen-nach-sardinien\/\" aria-label=\"Mehr Informationen \u00fcber Fliegen nach Sardinien\">Lees meer<\/a><\/p>\n","protected":false},"author":1,"featured_media":1620,"parent":1611,"menu_order":0,"comment_status":"closed","ping_status":"closed","template":"","meta":{"_acf_changed":false,"inline_featured_image":false,"footnotes":""},"class_list":["post-1619","page","type-page","status-publish","has-post-thumbnail"],"acf":{"ondertitel":"Vluchtmogelijkheden"},"_links":{"self":[{"href":"https:\/\/tururi.org\/de\/wp-json\/wp\/v2\/pages\/1619","targetHints":{"allow":["GET"]}}],"collection":[{"href":"https:\/\/tururi.org\/de\/wp-json\/wp\/v2\/pages"}],"about":[{"href":"https:\/\/tururi.org\/de\/wp-json\/wp\/v2\/types\/page"}],"author":[{"embeddable":true,"href":"https:\/\/tururi.org\/de\/wp-json\/wp\/v2\/users\/1"}],"replies":[{"embeddable":true,"href":"https:\/\/tururi.org\/de\/wp-json\/wp\/v2\/comments?post=1619"}],"version-history":[{"count":0,"href":"https:\/\/tururi.org\/de\/wp-json\/wp\/v2\/pages\/1619\/revisions"}],"up":[{"embeddable":true,"href":"https:\/\/tururi.org\/de\/wp-json\/wp\/v2\/pages\/1611"}],"wp:featuredmedia":[{"embeddable":true,"href":"https:\/\/tururi.org\/de\/wp-json\/wp\/v2\/media\/1620"}],"wp:attachment":[{"href":"https:\/\/tururi.org\/de\/wp-json\/wp\/v2\/media?parent=1619"}],"curies":[{"name":"wp","href":"https:\/\/api.w.org\/{rel}","templated":true}]}}