{"id":1618,"date":"2023-12-20T07:49:42","date_gmt":"2023-12-20T07:49:42","guid":{"rendered":"https:\/\/tururi.org\/de\/?page_id=1618"},"modified":"2025-03-24T09:35:53","modified_gmt":"2025-03-24T09:35:53","slug":"bewertungen","status":"publish","type":"page","link":"https:\/\/tururi.org\/de\/sardinien\/bewertungen\/","title":{"rendered":"Rundreise Sardinien Bewertungen"},"content":{"rendered":"<div id=\"modal-ready\">\n<p>Erfahrungen und Bewertungen von Reisenden nach Sardinien mit Tururi Tours. Unsere Reisenden teilen ihre Reiseerlebnisse \u00fcber ihre Rundreisen, Unterk\u00fcnfte, Autovermietung und Urlaubserfahrungen auf Sardinien. Wir teilen sie gerne mit Ihnen.<\/p>\n\n\n<div class=\"gb-container gb-container-7c586658 gb-accordion\" data-accordion-multiple-open>\n<div class=\"gb-container gb-container-24f02cbb gb-accordion__item\" data-transition=\"slide\">\n\n<button class=\"gb-button gb-button-2a83be12 gb-accordion__toggle\" id=\"gb-accordion-toggle-2a83be12\"><span class=\"gb-button-text\">Karin u J\u00fcrgen E. ( D &#8211; Hochheim)<br><span class=\"text-title\">Das Wetter war auch phantastisch, also was will man mehr?<\/span><\/span><span class=\"gb-icon\"><svg xmlns=\"http:\/\/www.w3.org\/2000\/svg\" viewBox=\"0 0 448 512\" width=\"1em\" height=\"1em\" ariahidden=\"true\" role=\"img\" class=\"gb-accordion__icon\"><path d=\"M207.029 381.476L12.686 187.132c-9.373-9.373-9.373-24.569 0-33.941l22.667-22.667c9.357-9.357 24.522-9.375 33.901-.04L224 284.505l154.745-154.021c9.379-9.335 24.544-9.317 33.901.04l22.667 22.667c9.373 9.373 9.373 24.569 0 33.941L240.971 381.476c-9.373 9.372-24.569 9.372-33.942 0z\" fill=\"currentColor\"><\/path><\/svg><svg xmlns=\"http:\/\/www.w3.org\/2000\/svg\" viewBox=\"0 0 448 512\" width=\"1em\" height=\"1em\" ariahidden=\"true\" role=\"img\" class=\"gb-accordion__icon-open\"><path d=\"M240.971 130.524l194.343 194.343c9.373 9.373 9.373 24.569 0 33.941l-22.667 22.667c-9.357 9.357-24.522 9.375-33.901.04L224 227.495 69.255 381.516c-9.379 9.335-24.544 9.317-33.901-.04l-22.667-22.667c-9.373-9.373-9.373-24.569 0-33.941L207.03 130.525c9.372-9.373 24.568-9.373 33.941-.001z\" fill=\"currentColor\"><\/path><\/svg><\/span><\/button>\n\n\n<div id=\"gb-accordion-content-da230fb9\" class=\"gb-accordion__content\"><div class=\"gb-container gb-container-da230fb9\">\n\n<p>Wir sind gut wieder zu Hause angekommen. Hatten einen wirklich sch\u00f6nen Urlaub, es hat alles gut gepasst. Die Unterk\u00fcnfte waren ganz toll ausgesucht, die Gastgeber alle sehr nett und hilfsbereit. Das Wetter war auch phantastisch, also was will man mehr? Danke und vielleicht kommen wir ja mal wieder auf Sie zu. Empfohlen haben wir Sie schon oft ?<\/p>\n\n<\/div><\/div>\n<\/div>\n\n<div class=\"gb-container gb-container-3a97bde9 gb-accordion__item\" data-transition=\"slide\">\n\n<button class=\"gb-button gb-button-7fd391c5 gb-accordion__toggle\" id=\"gb-accordion-toggle-7fd391c5\"><span class=\"gb-button-text\">Andreas und Claudia N. ( D &#8211; Haan)<br><span class=\"text-title\">Es war wie auf Sizilien wieder eine bestens organisierte und wundersch\u00f6ne Reise<\/span><\/span><span class=\"gb-icon\"><svg xmlns=\"http:\/\/www.w3.org\/2000\/svg\" viewBox=\"0 0 448 512\" width=\"1em\" height=\"1em\" ariahidden=\"true\" role=\"img\" class=\"gb-accordion__icon\"><path d=\"M207.029 381.476L12.686 187.132c-9.373-9.373-9.373-24.569 0-33.941l22.667-22.667c9.357-9.357 24.522-9.375 33.901-.04L224 284.505l154.745-154.021c9.379-9.335 24.544-9.317 33.901.04l22.667 22.667c9.373 9.373 9.373 24.569 0 33.941L240.971 381.476c-9.373 9.372-24.569 9.372-33.942 0z\" fill=\"currentColor\"><\/path><\/svg><svg xmlns=\"http:\/\/www.w3.org\/2000\/svg\" viewBox=\"0 0 448 512\" width=\"1em\" height=\"1em\" ariahidden=\"true\" role=\"img\" class=\"gb-accordion__icon-open\"><path d=\"M240.971 130.524l194.343 194.343c9.373 9.373 9.373 24.569 0 33.941l-22.667 22.667c-9.357 9.357-24.522 9.375-33.901.04L224 227.495 69.255 381.516c-9.379 9.335-24.544 9.317-33.901-.04l-22.667-22.667c-9.373-9.373-9.373-24.569 0-33.941L207.03 130.525c9.372-9.373 24.568-9.373 33.941-.001z\" fill=\"currentColor\"><\/path><\/svg><\/span><\/button>\n\n\n<div id=\"gb-accordion-content-56b7a4c8\" class=\"gb-accordion__content\"><div class=\"gb-container gb-container-56b7a4c8\">\n\n<p>Es war wie auf Sizilien wieder eine bestens organisierte und wundersch\u00f6ne Reise. Durch das verregnete Fr\u00fchjahr war die Insel ganz gr\u00fcn und wir kamen im Juni in den Genuss einer wahren Bl\u00fctenexplosion. Die Kombination von Wandern und Baden an wirklich idyllischen Buchten hat uns besonders gut gefallen. Die Insel selbst ist, abgesehen von der Costa Smeralda, noch nicht so touristisch, was wir in der Nebensaison als sehr angenehm empfunden haben. Wir m\u00f6chten Ihnen nun gern unsere Eindr\u00fccke zu den einzelnen Quartieren und der Autovermietung mitteilen:<\/p>\n\n\n\n<p>Sorso, Piazza San Pantaleo:<\/p>\n\n\n\n<p>Sch\u00f6ne Lage, aber schwierig mit dem Parken. Vermieter sehr freundlich und hilfsbereit. Das Fr\u00fchst\u00fcck auf der Dachterrasse war liebevoll zusammengestellt \u2013 nur mussten wir um K\u00e4se\/Wurst, eine zweite Tasse Cafe oder ein Paar Brotscheiben immer wieder fragen, wobei man uns den \u201eNachschlag\u201c dann aber freundlich gegeben hat. Dem Restauranttipp des Vermieters sollte man folgen \u2013 viele Restaurants gibt es ohnehin nicht.<\/p>\n\n\n\n<p>Ausfl\u00fcge:<\/p>\n\n\n\n<p>Costa Paradiso, Isola Rossa: beides sehr sch\u00f6n, aber schon teilweise lange Strecken zu fahren. Lange Umleitung vor Isola Rossa.<\/p>\n\n\n\n<p>Alghero und Castelsardo: Beides als Stadtbesichtigungen zu empfehlen.<\/p>\n\n\n\n<p>Baratili San Pietro, Agroturismo S\u2019Omu:<\/p>\n\n\n\n<p>Zimmer und Anlage sehr urig und originell &#8211; fast wie ein \u201cHeimatmuseum\u201d. Gastgeberin \u00fcberaus freundlich. Fr\u00fchst\u00fcck und Abendessen grandios. Kaum aufzuessen ! Das Abendessen hatte mit EUR 27,50 seinen Preis, den es aber auch wert war. Dazu erhielten wir reichlich Wein und Lik\u00f6r, den es auch bereits beim Empfang gab.<\/p>\n\n\n\n<p>Ausfl\u00fcge:&nbsp;<\/p>\n\n\n\n<p>\u201eReiskornstrand\u201c und Sinis Halbinsel mit Tharros (Wanderung am Abend \u00fcber die Halbinsel sehr empfehlenswert).<\/p>\n\n\n\n<p>Auf dem Weg von Sorso dorthin: Besichtigung von Bosa \u2013 sehr sch\u00f6ne Stadt !&nbsp;<\/p>\n\n\n\n<p>Auf dem Weiterweg nach Sinnai: Costa Verde, viel Fahrerei, aber lohnend wegen der weitl\u00e4ufigen und unber\u00fchrten D\u00fcnenlandschaft.<\/p>\n\n\n\n<p>Sinnai, Casa Anedda:<\/p>\n\n\n\n<p>Zimmer sch\u00f6n und gepflegt. Parkm\u00f6glichkeit nur nach sehr schwierigem Passieren einer engen Toreinfahrt im Innenhof \u2013 nichts f\u00fcr Fahranf\u00e4nger !<\/p>\n\n\n\n<p>Empfang durch die recht betagte Inhaberin (Signora Elena) sehr freundlich, aber sprachlich \u00e4u\u00dferst schwierig, da sie kein Wort Deutsch oder Englisch sprach (wir allerdings auch kaum mehr Italienisch). Die Fr\u00fchst\u00fcckszubereitung war leicht konfus und das Fr\u00fchst\u00fcck wurde eigentlich unn\u00f6tig in der K\u00fcche, statt dem sch\u00f6nen Sitzplatz im Innenhof eingenommen. Die Dame wirkte mit der Vermietung und allen daran h\u00e4ngenden T\u00e4tigkeit etwas \u00fcberfordert. Der Sohn kam einmal vorbei, um nach dem Rechten zu sehen und gab uns Tipps zur Flamingobeobachtung. Essensm\u00f6glichkeiten in Sinnai sehr beschr\u00e4nkt \u2013 nur eine einfache, aber gute Pizzeria.<\/p>\n\n\n\n<p>Ausfl\u00fcge: Nora (muss man nicht gesehen haben) und Cagliari (sehr sch\u00f6ne Stadt), Lagunen mit den Flamingos und der Dom von innen wirklich sehenswert.<\/p>\n\n\n\n<p>Costa Rei, Capo Ferrato: tolle Wanderung, die leider, wie auch der Ausflug nach Nora\/Cagliari, unter den beiden einzigen Regentagen des Urlaubs gelitten hat.<\/p>\n\n\n\n<p>Auf den Weg nach Dorgali: Tolle K\u00fcstenwanderung von Santa Maria Navarrese zur Pedra Longa und zur\u00fcck.<\/p>\n\n\n\n<p>Dorgali, Agriturismo Canales:<\/p>\n\n\n\n<p>Sehr sch\u00f6ne Anlage und super Ausgangspunkt f\u00fcr Wanderungen in allen Richtungen. Ruhige Lage mit sch\u00f6nen und gro\u00dfen Zimmern; Aussicht auf Berge und Stausee. Reichhaltiges Fr\u00fchst\u00fccksbuffet und ausgezeichnetes 4-G\u00e4nge-Men\u00fc am Abend mit 2 Sorten Wein aus eigener Herstellung und Schn\u00e4psen zum Schluss, was den Preis (EUR 25,00) auf jeden Fall wert war. Sch\u00f6nes Restaurant mit Aussicht auf den See. Sehr freundlicher Familienbetrieb. Wir warten froh, dass wir den Aufenthalt von 2 auf 5 N\u00e4chte verl\u00e4ngert haben. Wir h\u00e4tten dort noch l\u00e4nger bleiben k\u00f6nnen.&nbsp;<\/p>\n\n\n\n<p>Ausfl\u00fcge:<\/p>\n\n\n\n<p>Gorropu-Canyon: anstrengend und schwei\u00dftreibend \u2013 sehr empfehlenswert. Kostet inzwischen Eintritt, man bekommt aber wichtige Hinweise zu Besichtigung der Schlucht.<\/p>\n\n\n\n<p>Cala Luna \/ Cala Goloritze: Beides sehr sch\u00f6ne und sch\u00f6n zu erwandernde Str\u00e4nde mit besonders t\u00fcrkisem Wasser. In der Nebensaison gab es auch noch Pl\u00e4tze am Strand.<\/p>\n\n\n\n<p>Punta Marmora: Durch die vielen Blumen eine sch\u00f6ne Wanderung. Insgesamt war die Landschaft weniger \u201ealpin\u201c als erwartet und als die Berge rund um Dorgali. Trotz des eigentlich sch\u00f6nen Wetters, war auch die Aussicht von h\u00f6chsten Berg Sardiniens nicht besonders eindrucksvoll.<\/p>\n\n\n\n<p>Noch ein Tipp: Die Stra\u00dfe von Dorgali nach Baunei (SS 125) ist sehr sch\u00f6n zu befahren und bietet, speziell am Morgen und Abend, tolle Ausblicke.<\/p>\n\n\n\n<p>Arzachena, Lu Pastrucchialeddu:<\/p>\n\n\n\n<p>Sehr sch\u00f6ne Anlage in einer weitl\u00e4ufigen Garten-\/Parklandschaft mit Pool und lauschigen Sitzecken. Au\u00dfergew\u00f6hnlich reichhaltiges und leckeres Fr\u00fchst\u00fccksbufett. Vermieter super nett und hilfsbereit. Die einzigen Vermieter, die wirklich gutes Englisch (und Franz\u00f6sisch) sprachen.<\/p>\n\n\n\n<p>Ausfl\u00fcge:&nbsp;<\/p>\n\n\n\n<p>grandiose Wanderung am Capo Testa um die ganze Halbinsel. \u2013 muss man gemacht haben, sollte aber Trittsicherheit und Orientierungssinn haben.<\/p>\n\n\n\n<p>Costa Smeralda: Auch dort gibt es noch tolle \u00f6ffentliche Str\u00e4nde (Cala de Principe) und das Wasser ist wie in der Karibik !<\/p>\n\n\n\n<p>Der Donnerstagsmarkt in San Pantaleo war durchaus sehenswert, aber auch ohne Markt ein sch\u00f6nes St\u00e4dtchen.<\/p>\n\n\n\n<p>Auch den Yachthafen von Porto Cervo muss man gesehen haben und kann dort auf einem Spaziergang abseits der Touristenmassen in Ruhe die Yachten bewundern.<\/p>\n\n\n\n<p>Autovermietung Maggiore:<\/p>\n\n\n\n<p>Wie auch auf Sizilien hat die Vermietung schnell und problemlos geklappt. Wie \u00fcblich, wollte man uns ein Upgrade aufschwatzen, aber den fast neue Lancia Ypsilon war f\u00fcr uns v\u00f6llig ausreichend. Als Dateianhang senden wir Ihnen eine \u201eRechnung\u201c (?), die k\u00fcrzlich per Post zu uns kam und die wir leider nicht verstehen k\u00f6nnen. Wir vermuten, dass es sich um die Geb\u00fchr f\u00fcr den Zweitfahrer handelt. Wissen Sie, um was es da geht ? Sch\u00e4den am Auto und Protokolle der Polizei haben wir nicht eingefahren.<\/p>\n\n\n\n<p>&nbsp;Insgesamt waren wir wirklich hochzufrieden, vor allem auch mit der M\u00f6glichkeit, die Aufenthaltszeiten bei Ihnen nach unseren W\u00fcnschen gestalten zu k\u00f6nnen. Wir k\u00f6nnen Tururi jederzeit empfehlen und w\u00fcrden nat\u00fcrlich auch selbst gern wieder mit Ihnen verreisen. Vielleicht wollen Sie ja noch ein paar weitere Regionen Italiens in ihr Angebot aufnehmen&nbsp;J. Etwas schwierig war es auf Sardinien mit der Verst\u00e4ndigung, wobei das Problem zun\u00e4chst aber bei uns liegt, da wir ohne Italienisch zu k\u00f6nnen nach Italien reisen. In anderen Gegenden Italiens, z. B. auch auf Sizilien, konnten wir uns fast immer ausreichend auf Englisch verst\u00e4ndigen. Das war auf Sardinien vielfach kaum m\u00f6glich.<\/p>\n\n\n\n<p>Herzlichen Gr\u00fc\u00dfe aus dem tropischen Deutschland, wir habe seit Mitte April kaum Regen gehabt und genie\u00dfen Sommerwetter bei f\u00fcr uns au\u00dfergew\u00f6hnlichen Temperaturen bis 39\u00b0C.<\/p>\n\n<\/div><\/div>\n<\/div>\n\n<div class=\"gb-container gb-container-3db2f292 gb-accordion__item\" data-transition=\"slide\">\n\n<button class=\"gb-button gb-button-228c6e64 gb-accordion__toggle\" id=\"gb-accordion-toggle-228c6e64\"><span class=\"gb-button-text\">Bernadette F ( D &#8211; Weil der Stadt)<br><span class=\"text-title\">So sch\u00f6n, dass wir wieder nach Sardinien wollen!<\/span><\/span><span class=\"gb-icon\"><svg xmlns=\"http:\/\/www.w3.org\/2000\/svg\" viewBox=\"0 0 448 512\" width=\"1em\" height=\"1em\" ariahidden=\"true\" role=\"img\" class=\"gb-accordion__icon\"><path d=\"M207.029 381.476L12.686 187.132c-9.373-9.373-9.373-24.569 0-33.941l22.667-22.667c9.357-9.357 24.522-9.375 33.901-.04L224 284.505l154.745-154.021c9.379-9.335 24.544-9.317 33.901.04l22.667 22.667c9.373 9.373 9.373 24.569 0 33.941L240.971 381.476c-9.373 9.372-24.569 9.372-33.942 0z\" fill=\"currentColor\"><\/path><\/svg><svg xmlns=\"http:\/\/www.w3.org\/2000\/svg\" viewBox=\"0 0 448 512\" width=\"1em\" height=\"1em\" ariahidden=\"true\" role=\"img\" class=\"gb-accordion__icon-open\"><path d=\"M240.971 130.524l194.343 194.343c9.373 9.373 9.373 24.569 0 33.941l-22.667 22.667c-9.357 9.357-24.522 9.375-33.901.04L224 227.495 69.255 381.516c-9.379 9.335-24.544 9.317-33.901-.04l-22.667-22.667c-9.373-9.373-9.373-24.569 0-33.941L207.03 130.525c9.372-9.373 24.568-9.373 33.941-.001z\" fill=\"currentColor\"><\/path><\/svg><\/span><\/button>\n\n\n<div id=\"gb-accordion-content-bb22a916\" class=\"gb-accordion__content\"><div class=\"gb-container gb-container-bb22a916\">\n\n<p>unser Urlaub auf Sardinien war wundersch\u00f6n, so sch\u00f6n, dass wir 2019 wieder nach Sardinien wollen! Mein Bruder wird Ihnen noch eine R\u00fcckmeldung zum Urlaub 2018 schreiben. Die drei Unterk\u00fcnfte waren allesamt wunderbar. Von der Unterkunft 1 und 3 waren wir schlichtweg begeistert!!! Heute haben wir Fl\u00fcge f\u00fcr 2019 gebucht. Ist es m\u00f6glich, dass Sie uns f\u00fcr diesen Urlaub wieder ein Angebot mit Unterk\u00fcnften und einem Mietwagen f\u00fcr 5 Personen erstellen? Das w\u00e4re prima!<\/p>\n\n<\/div><\/div>\n<\/div>\n<\/div><\/div>","protected":false},"excerpt":{"rendered":"<p>Erfahrungen und Bewertungen von Reisenden nach Sardinien mit Tururi Tours. Unsere Reisenden teilen ihre Reiseerlebnisse \u00fcber ihre Rundreisen, Unterk\u00fcnfte, Autovermietung und Urlaubserfahrungen auf Sardinien. Wir teilen sie gerne mit Ihnen. Wir sind gut wieder zu Hause angekommen. Hatten einen wirklich sch\u00f6nen Urlaub, es hat alles gut gepasst. Die Unterk\u00fcnfte waren ganz toll ausgesucht, die Gastgeber &#8230; <a title=\"Rundreise Sardinien Bewertungen\" class=\"read-more\" href=\"https:\/\/tururi.org\/de\/sardinien\/bewertungen\/\" aria-label=\"Mehr Informationen \u00fcber Rundreise Sardinien Bewertungen\">Lees meer<\/a><\/p>\n","protected":false},"author":1,"featured_media":70,"parent":1611,"menu_order":0,"comment_status":"closed","ping_status":"closed","template":"","meta":{"_acf_changed":false,"inline_featured_image":false,"footnotes":""},"class_list":["post-1618","page","type-page","status-publish","has-post-thumbnail"],"acf":{"ondertitel":"Feedback van onze reizigers"},"_links":{"self":[{"href":"https:\/\/tururi.org\/de\/wp-json\/wp\/v2\/pages\/1618","targetHints":{"allow":["GET"]}}],"collection":[{"href":"https:\/\/tururi.org\/de\/wp-json\/wp\/v2\/pages"}],"about":[{"href":"https:\/\/tururi.org\/de\/wp-json\/wp\/v2\/types\/page"}],"author":[{"embeddable":true,"href":"https:\/\/tururi.org\/de\/wp-json\/wp\/v2\/users\/1"}],"replies":[{"embeddable":true,"href":"https:\/\/tururi.org\/de\/wp-json\/wp\/v2\/comments?post=1618"}],"version-history":[{"count":4,"href":"https:\/\/tururi.org\/de\/wp-json\/wp\/v2\/pages\/1618\/revisions"}],"predecessor-version":[{"id":3691,"href":"https:\/\/tururi.org\/de\/wp-json\/wp\/v2\/pages\/1618\/revisions\/3691"}],"up":[{"embeddable":true,"href":"https:\/\/tururi.org\/de\/wp-json\/wp\/v2\/pages\/1611"}],"wp:featuredmedia":[{"embeddable":true,"href":"https:\/\/tururi.org\/de\/wp-json\/wp\/v2\/media\/70"}],"wp:attachment":[{"href":"https:\/\/tururi.org\/de\/wp-json\/wp\/v2\/media?parent=1618"}],"curies":[{"name":"wp","href":"https:\/\/api.w.org\/{rel}","templated":true}]}}