{"id":1418,"date":"2023-11-16T08:32:33","date_gmt":"2023-11-16T08:32:33","guid":{"rendered":"https:\/\/tururi.org\/de\/?page_id=1418"},"modified":"2023-11-17T12:41:53","modified_gmt":"2023-11-17T12:41:53","slug":"datenschutz","status":"publish","type":"page","link":"https:\/\/tururi.org\/de\/datenschutz\/","title":{"rendered":"Datenschutz"},"content":{"rendered":"<div id=\"modal-ready\">\n<p><strong>Diese Datenschutzrichtlinie gilt f\u00fcr die von Tururi Tours \u00fcber unsere Website <a href=\"https:\/\/tururi.org\">https:\/\/tururi.org<\/a> angebotenen Dienstleistungen. Die Richtlinie beschreibt, wie wir pers\u00f6nliche Informationen sammeln, verwenden und teilen, die wir von Nutzern der Website erhalten.<\/strong><\/p>\n\n\n\n<h3 class=\"wp-block-heading\">Kontaktinformationen<\/h3>\n\n\n\n<p>Tururi Tours V.o.F.<br>Jacob van Lennepkade 511 (gegen\u00fcber 27)<br>1054 ZH Amsterdam \u2013 Niederlande<br>E-mail des Eigent\u00fcmers: <a href=\"mailto:info.deutsch@tururi.org\">info.deutsch@tururi.org<\/a><br><a href=\"https:\/\/tururi.org\/de\/contact\/\" data-type=\"page\" data-id=\"31\">Kontaktformular<\/a><\/p>\n\n\n\n<p>KvK Amsterdam: 34188835<br>USt-IdNr.: 814740339B01<br>SGR Mitgliedsnummer: 3373<\/p>\n\n\n\n<h3 class=\"wp-block-heading\">Kommentare<\/h3>\n\n\n\n<p>Wenn Besucher \u00fcber das Kontaktformular Kontakt mit uns aufnehmen oder Kommentare hinterlassen, sammeln wir die im Kommentarformular eingegebenen Daten, die IP-Adresse des Besuchers und den Browsertyp (User Agent), um Spam zu erkennen. Kommentare und die zugeh\u00f6rigen Metadaten werden so lange aufbewahrt, wie dies erforderlich ist. Um Spam zu verhindern, verwenden wir die Dienste von hCaptcha, \u00fcber die Sie weiter unten auf dieser Seite mehr erfahren k\u00f6nnen.<\/p>\n\n\n\n<p>Zus\u00e4tzlich speichern wir Kontaktdaten, wie sie im Kontaktformular angegeben sind, einschlie\u00dflich Nachname, Vorname, E-mail-Adresse, Provinz, Telefonnummer und Reisepr\u00e4ferenzen. Diese Daten werden gespeichert, um mit Ihnen in Kontakt zu treten und Ihnen ein personalisiertes Angebot zu unterbreiten. Wenn Sie sich f\u00fcr unseren Newsletter angemeldet haben, speichern wir auch personenbezogene Daten wie Ihre E-mail-Adresse zu diesem Zweck. Diese Daten werden mit unserem Newsletter-Provider, Mailchimp, geteilt.<\/p>\n\n\n\n<p><\/p>\n\n\n\n<h3 class=\"wp-block-heading\">Cookies<\/h3>\n\n\n\n<p>Cookies sind kleine Textdateien, die von Websites auf Ihrem Computer platziert werden. Websites verwenden Cookies, um Benutzern zu helfen, effizient zu navigieren und bestimmte Funktionen auszuf\u00fchren. Strikt notwendige Cookies und funktionale Cookies d\u00fcrfen ohne Ihre Zustimmung platziert werden. Dies gilt auch f\u00fcr funktionale Cookies, die verwendet werden, um Besucherinformationen auf der Website zu speichern, z. B. Sprache und Zeitzone.<\/p>\n\n\n\n<p>Alle anderen Cookies m\u00fcssen vor dem Platzieren im Browser genehmigt werden. Wir setzen keine Cookies au\u00dfer den streng notwendigen Cookies f\u00fcr das ordnungsgem\u00e4\u00dfe Funktionieren der Website. Die Website kann ohne diese Cookies nicht ordnungsgem\u00e4\u00df genutzt werden.<\/p>\n\n\n\n<p>Wir verwenden keine analytischen Cookies. Stattdessen erstellen wir statistische Daten basierend auf dem Besuch auf unserer Website. F\u00fcr diese statistischen Daten verwenden wir L\u00f6sungen, die Besucher anonymisieren. Wir verwenden dazu Daten wie anonymisierte IP-Adressen und setzen keine Cookies daf\u00fcr.<\/p>\n\n\n\n<p>Beitr\u00e4ge auf unserer Website k\u00f6nnen eingebettete Inhalte enthalten (z. B. Videos, Bilder, Beitr\u00e4ge usw.). Eingebettete Inhalte von anderen Websites verhalten sich genauso wie wenn der Besucher diese andere Website besucht h\u00e4tte. Wenn diese Websites Cookies verwenden, die \u00fcber das Notwendige hinausgehen, und zus\u00e4tzliches Tracking von Drittanbietern einschlie\u00dfen, informieren wir Sie dar\u00fcber und holen zuerst Ihre Zustimmung ein.<\/p>\n\n\n\n<h3 class=\"wp-block-heading\">Ihre Daten<\/h3>\n\n\n\n<p>Wenn Sie einen Kommentar auf unserer Website hinterlassen, beispielsweise indem Sie das Kontaktformular ausf\u00fcllen oder einen Beitrag zu einem Blogpost verfassen, haben Sie das Recht, eine Exportdatei Ihrer pers\u00f6nlichen Daten anzufordern, die wir von Ihnen haben, einschlie\u00dflich aller von Ihnen bereitgestellten Informationen. Sie k\u00f6nnen auch verlangen, dass wir alle personenbezogenen Daten, die wir von Ihnen besitzen, l\u00f6schen. Es ist wichtig zu beachten, dass wir bestimmte Daten aus administrativen, gesetzlichen oder Sicherheitsgr\u00fcnden aufbewahren m\u00fcssen. Diese Daten fallen nicht unter die L\u00f6schungsanfrage.<\/p>\n\n\n\n<h3 class=\"wp-block-heading\">Datenaustausch<\/h3>\n\n\n\n<p>Mit den folgenden Diensten teilen wir anonyme Daten. Diese Daten werden nicht weiter verwendet als f\u00fcr den vorgesehenen Zweck.<\/p>\n\n\n\n<h4 class=\"wp-block-heading\">Roxr Software Ltd<\/h4>\n\n\n\n<p>Roxr Software Ltd ist unser Anbieter f\u00fcr Webstatistiken. Sie sammeln bestimmte Informationen von unseren Besuchern. Wenn Besucher unsere Website besuchen, erfassen sie \u00fcber ihre Tracking-Server die URL und den Titel der angesehenen Seiten, die URL und den Titel aller auf den angesehenen Seiten angeklickten Links, den Referrer, den User Agent, die Bildschirmaufl\u00f6sung, die Sprache und eine anonymisierte IP-Adresse. Hierf\u00fcr setzen sie keine Cookies. Sie k\u00f6nnen die Datenschutzrichtlinie von Roxr auf dieser Seite einsehen.<\/p>\n\n\n\n<h4 class=\"wp-block-heading\">hCaptcha Sicherungsdienst<\/h4>\n\n\n\n<p>Wir verwenden den hCaptcha-Sicherungsdienst auf unserer Website. Dieser Dienst wird von Intuition Machines, Inc., einem in Delaware ans\u00e4ssigen US-Unternehmen (&#8222;IMI&#8220;), bereitgestellt. hCaptcha wird verwendet, um zu \u00fcberpr\u00fcfen, ob Benutzeraktionen unseren Sicherheitsanforderungen entsprechen. Hierzu analysiert hCaptcha das Verhalten des Website-Besuchers.<\/p>\n\n\n\n<p>Diese Analyse beginnt automatisch, sobald der Website-Besucher unsere Website besucht. F\u00fcr die Analyse bewertet hCaptcha verschiedene Informationen (z. B. IP-Adresse, Dauer des Aufenthalts auf der Website oder App, Mausbewegungen des Benutzers). Die w\u00e4hrend der Analyse gesammelten Daten werden an IMI weitergeleitet. Die Datenverarbeitung basiert auf Art. 6 Abs. 1 lit. b DSGVO: Die Verarbeitung personenbezogener Daten ist f\u00fcr die Erf\u00fcllung eines Vertrags, an dem der Besucher der Website beteiligt ist (z. B. die Website-Bedingungen), oder f\u00fcr die Durchf\u00fchrung von Schritten erforderlich, die auf Anfrage des Besuchers der Website erfolgen, bevor ein Vertrag abgeschlossen wird.<\/p>\n\n\n\n<p>Unser Service zielt darauf ab, die Interaktion mit einem Menschen zu gew\u00e4hrleisten und nicht mit einem Bot. Die vom Benutzer durchgef\u00fchrten Aktivit\u00e4ten sollen nicht mit Betrug oder Missbrauch in Verbindung stehen. Dar\u00fcber hinaus kann die Verarbeitung auch auf Art. 6 Abs. 1 Buchst. f DSGVO basieren: Unser Online-Service hat ein berechtigtes Interesse daran, den Service vor missbr\u00e4uchlichem Crawlen, Spam und anderen Formen von Missbrauch zu sch\u00fctzen, die unserem Service oder anderen Benutzern schaden k\u00f6nnten. IMI fungiert als &#8222;Datenverarbeiter&#8220; in unserem Auftrag, wie in der DSGVO definiert. Weitere Informationen finden Sie in der <a href=\"https:\/\/www.hcaptcha.com\/privacy\">Datenschutzrichtlinie<\/a> und den <a href=\"https:\/\/www.hcaptcha.com\/terms\">Nutzungsbedingungen<\/a> von hCaptcha.<\/p>\n<\/div>","protected":false},"excerpt":{"rendered":"<p>Diese Datenschutzrichtlinie gilt f\u00fcr die von Tururi Tours \u00fcber unsere Website https:\/\/tururi.org angebotenen Dienstleistungen. Die Richtlinie beschreibt, wie wir pers\u00f6nliche Informationen sammeln, verwenden und teilen, die wir von Nutzern der Website erhalten. Kontaktinformationen Tururi Tours V.o.F.Jacob van Lennepkade 511 (gegen\u00fcber 27)1054 ZH Amsterdam \u2013 NiederlandeE-mail des Eigent\u00fcmers: info.deutsch@tururi.orgKontaktformular KvK Amsterdam: 34188835USt-IdNr.: 814740339B01SGR Mitgliedsnummer: 3373 Kommentare &#8230; <a title=\"Datenschutz\" class=\"read-more\" href=\"https:\/\/tururi.org\/de\/datenschutz\/\" aria-label=\"Mehr Informationen \u00fcber Datenschutz\">Lees meer<\/a><\/p>\n","protected":false},"author":2,"featured_media":1420,"parent":0,"menu_order":0,"comment_status":"closed","ping_status":"closed","template":"","meta":{"_acf_changed":false,"inline_featured_image":false,"footnotes":""},"class_list":["post-1418","page","type-page","status-publish","has-post-thumbnail"],"acf":{"ondertitel":""},"_links":{"self":[{"href":"https:\/\/tururi.org\/de\/wp-json\/wp\/v2\/pages\/1418","targetHints":{"allow":["GET"]}}],"collection":[{"href":"https:\/\/tururi.org\/de\/wp-json\/wp\/v2\/pages"}],"about":[{"href":"https:\/\/tururi.org\/de\/wp-json\/wp\/v2\/types\/page"}],"author":[{"embeddable":true,"href":"https:\/\/tururi.org\/de\/wp-json\/wp\/v2\/users\/2"}],"replies":[{"embeddable":true,"href":"https:\/\/tururi.org\/de\/wp-json\/wp\/v2\/comments?post=1418"}],"version-history":[{"count":0,"href":"https:\/\/tururi.org\/de\/wp-json\/wp\/v2\/pages\/1418\/revisions"}],"wp:featuredmedia":[{"embeddable":true,"href":"https:\/\/tururi.org\/de\/wp-json\/wp\/v2\/media\/1420"}],"wp:attachment":[{"href":"https:\/\/tururi.org\/de\/wp-json\/wp\/v2\/media?parent=1418"}],"curies":[{"name":"wp","href":"https:\/\/api.w.org\/{rel}","templated":true}]}}